{"id":626,"date":"2022-07-05T06:08:07","date_gmt":"2022-07-05T06:08:07","guid":{"rendered":"https:\/\/startersites.io\/elementor\/car-service\/?page_id=626"},"modified":"2024-09-19T11:02:57","modified_gmt":"2024-09-19T17:02:57","slug":"inicio","status":"publish","type":"page","link":"https:\/\/fenixgps.net\/sitio\/","title":{"rendered":"INICIO"},"content":{"rendered":"\t\t<div data-elementor-type=\"wp-page\" data-elementor-id=\"626\" class=\"elementor elementor-626\">\n\t\t\t\t<div class=\"elementor-element elementor-element-ce122c1 e-flex e-con-boxed e-con e-parent\" data-id=\"ce122c1\" data-element_type=\"container\" data-settings=\"{&quot;background_background&quot;:&quot;classic&quot;}\">\n\t\t\t\t\t<div class=\"e-con-inner\">\n\t\t<div class=\"elementor-element elementor-element-011a031 e-flex e-con-boxed e-con e-child\" data-id=\"011a031\" data-element_type=\"container\" data-settings=\"{&quot;background_background&quot;:&quot;classic&quot;}\">\n\t\t\t\t\t<div class=\"e-con-inner\">\n\t\t<div class=\"elementor-element elementor-element-b760f7f e-con-full e-flex e-con e-child\" data-id=\"b760f7f\" data-element_type=\"container\" data-settings=\"{&quot;background_background&quot;:&quot;classic&quot;}\">\n\t\t\t\t<div class=\"elementor-element elementor-element-03a0583 elementor-widget elementor-widget-heading\" data-id=\"03a0583\" data-element_type=\"widget\" data-widget_type=\"heading.default\">\n\t\t\t\t<div class=\"elementor-widget-container\">\n\t\t\t<h2 class=\"elementor-heading-title elementor-size-default\">\u00bfQu\u00e9 podemos ofrecerles?<\/h2>\t\t<\/div>\n\t\t\t\t<\/div>\n\t\t\t\t<div class=\"elementor-element elementor-element-45503ed elementor-widget elementor-widget-text-editor\" data-id=\"45503ed\" data-element_type=\"widget\" data-widget_type=\"text-editor.default\">\n\t\t\t\t<div class=\"elementor-widget-container\">\n\t\t\t\t\t\t\t<p>Determinados en brindar el mejor servicio GPS para la Log\u00edstica y el Control de veh\u00edculos, activos y\/o personas creamos\u00a0<strong>\u2013\u00a0FENIX GPS \u2013<\/strong>\u00a0para ayudar tanto a peque\u00f1as, medianas y grandes empresas, a obtener el control total sobre sus veh\u00edculos y activos, as\u00ed como sobre el personal que los opera.<\/p><p>No hemos escatimado esfuerzos para brindarles a nuestros clientes el mejor servicio, los mejores equipos GPS, el mejor software de seguimiento en tiempo real y todo esto \u201cal mejor precio\u201d, para que sea accesible a cualquier presupuesto.<\/p><p>Estamos conscientes que la tecnolog\u00eda avanza y cambia\u00a0d\u00eda con d\u00eda, pero comprometidos con darles a nuestros clientes las mejores soluciones y herramientas, somos una empresa en constante desarrollo, contando con un equipo de profesionales y un soporte de clase mundial que vela diariamente\u00a0para brindar\u00a0<strong>lo Mejor, lo m\u00e1s Nuevo y lo m\u00e1s Novedoso.<\/strong><\/p><p>Dennos la oportunidad de servirles y mostrarles la calidad de nuestras soluciones, pero especialmente la pasi\u00f3n con que trabajaremos en pro y beneficio de su empresa y no descansaremos hasta exceder sus expectativas.<\/p>\t\t\t\t\t\t<\/div>\n\t\t\t\t<\/div>\n\t\t\t\t<div class=\"elementor-element elementor-element-969cc94 elementor-mobile-align-center elementor-align-center elementor-widget elementor-widget-button\" data-id=\"969cc94\" data-element_type=\"widget\" data-widget_type=\"button.default\">\n\t\t\t\t<div class=\"elementor-widget-container\">\n\t\t\t\t\t<div class=\"elementor-button-wrapper\">\n\t\t\t<a class=\"elementor-button elementor-button-link elementor-size-md\" href=\"https:\/\/fenixgps.net\/sitio\/servicios\/\">\n\t\t\t\t\t\t<span class=\"elementor-button-content-wrapper\">\n\t\t\t\t\t\t\t\t\t<span class=\"elementor-button-text\">nuestros servicios<\/span>\n\t\t\t\t\t<\/span>\n\t\t\t\t\t<\/a>\n\t\t<\/div>\n\t\t\t\t<\/div>\n\t\t\t\t<\/div>\n\t\t\t\t<\/div>\n\t\t\t\t\t<\/div>\n\t\t\t\t<\/div>\n\t\t\t\t\t<\/div>\n\t\t\t\t<\/div>\n\t\t<div class=\"elementor-element elementor-element-9e1947e e-flex e-con-boxed e-con e-parent\" data-id=\"9e1947e\" data-element_type=\"container\">\n\t\t\t\t\t<div class=\"e-con-inner\">\n\t\t\t\t<div class=\"elementor-element elementor-element-92213b1 e-n-tabs-mobile elementor-widget elementor-widget-n-tabs\" data-id=\"92213b1\" data-element_type=\"widget\" data-settings=\"{&quot;horizontal_scroll&quot;:&quot;disable&quot;}\" data-widget_type=\"nested-tabs.default\">\n\t\t\t\t<div class=\"elementor-widget-container\">\n\t\t\t\t\t<div class=\"e-n-tabs\" data-widget-number=\"153228209\" aria-label=\"Pesta\u00f1as. Abre elementos con Intro o Espacio, ci\u00e9rralos con Escape y navega con las fechas.\">\n\t\t\t<div class=\"e-n-tabs-heading\" role=\"tablist\">\n\t\t\t\t\t<button id=\"e-n-tab-title-1532282091\" class=\"e-n-tab-title\" aria-selected=\"true\" data-tab-index=\"1\" role=\"tab\" tabindex=\"0\" aria-controls=\"e-n-tab-content-1532282091\" style=\"--n-tabs-title-order: 1;\">\n\t\t\t\t\t\t<span class=\"e-n-tab-title-text\">\n\t\t\t\tUN ENFOQUE DIFERENTE\t\t\t<\/span>\n\t\t<\/button>\n\t\t\t\t<button id=\"e-n-tab-title-1532282092\" class=\"e-n-tab-title\" aria-selected=\"false\" data-tab-index=\"2\" role=\"tab\" tabindex=\"-1\" aria-controls=\"e-n-tab-content-1532282092\" style=\"--n-tabs-title-order: 2;\">\n\t\t\t\t\t\t<span class=\"e-n-tab-title-text\">\n\t\t\t\tSOLUCIONES UNICAS\t\t\t<\/span>\n\t\t<\/button>\n\t\t\t\t<button id=\"e-n-tab-title-1532282093\" class=\"e-n-tab-title\" aria-selected=\"false\" data-tab-index=\"3\" role=\"tab\" tabindex=\"-1\" aria-controls=\"e-n-tab-content-1532282093\" style=\"--n-tabs-title-order: 3;\">\n\t\t\t\t\t\t<span class=\"e-n-tab-title-text\">\n\t\t\t\tEXCELENCIA EN SERVICIO\t\t\t<\/span>\n\t\t<\/button>\n\t\t\t\t\t<\/div>\n\t\t\t<div class=\"e-n-tabs-content\">\n\t\t\t\t<div id=\"e-n-tab-content-1532282091\" role=\"tabpanel\" aria-labelledby=\"e-n-tab-title-1532282091\" data-tab-index=\"1\" style=\"--n-tabs-title-order: 1;\" class=\"e-active elementor-element elementor-element-09b9840 e-con-full e-flex e-con e-child\" data-id=\"09b9840\" data-element_type=\"container\">\n\t\t<div class=\"elementor-element elementor-element-88508f9 e-flex e-con-boxed e-con e-child\" data-id=\"88508f9\" data-element_type=\"container\">\n\t\t\t\t\t<div class=\"e-con-inner\">\n\t\t\t\t<div class=\"elementor-element elementor-element-5cd7b74 elementor-widget elementor-widget-text-editor\" data-id=\"5cd7b74\" data-element_type=\"widget\" data-widget_type=\"text-editor.default\">\n\t\t\t\t<div class=\"elementor-widget-container\">\n\t\t\t\t\t\t\t<p class=\"MsoNormal\"><span lang=\"ES-GT\">Nuestra experiencia de m\u00e1s de 15 a\u00f1os en las \u00e1reas de Log\u00edstica, Control y Planificaci\u00f3n, nos han permitido crear \u00abSoluciones Especializadas\u00bb para el mercado regional, que brindan un enfoque \u00fanico en su ramo y que les ser\u00e1n de muchos beneficios.<\/span><\/p>\t\t\t\t\t\t<\/div>\n\t\t\t\t<\/div>\n\t\t\t\t\t<\/div>\n\t\t\t\t<\/div>\n\t\t\t\t<\/div>\n\t\t<div id=\"e-n-tab-content-1532282092\" role=\"tabpanel\" aria-labelledby=\"e-n-tab-title-1532282092\" data-tab-index=\"2\" style=\"--n-tabs-title-order: 2;\" class=\" elementor-element elementor-element-79f1d5c e-con-full e-flex e-con e-child\" data-id=\"79f1d5c\" data-element_type=\"container\">\n\t\t<div class=\"elementor-element elementor-element-3c5f5b1 e-flex e-con-boxed e-con e-child\" data-id=\"3c5f5b1\" data-element_type=\"container\">\n\t\t\t\t\t<div class=\"e-con-inner\">\n\t\t\t\t<div class=\"elementor-element elementor-element-f6bc426 elementor-widget elementor-widget-text-editor\" data-id=\"f6bc426\" data-element_type=\"widget\" data-widget_type=\"text-editor.default\">\n\t\t\t\t<div class=\"elementor-widget-container\">\n\t\t\t\t\t\t\t<p>Tenemos la Soluci\u00f3n espec\u00edfica para cada necesidad y lo mejor de todo, que ustedes pueden pagar. \u00a0Contamos con aplicaciones para necesidades b\u00e1sicas de seguimiento hasta soluciones especializadas utilizadas por compa\u00f1\u00edas con flotas grandes.<\/p>\t\t\t\t\t\t<\/div>\n\t\t\t\t<\/div>\n\t\t\t\t\t<\/div>\n\t\t\t\t<\/div>\n\t\t\t\t<\/div>\n\t\t<div id=\"e-n-tab-content-1532282093\" role=\"tabpanel\" aria-labelledby=\"e-n-tab-title-1532282093\" data-tab-index=\"3\" style=\"--n-tabs-title-order: 3;\" class=\" elementor-element elementor-element-8f4b37f e-con-full e-flex e-con e-child\" data-id=\"8f4b37f\" data-element_type=\"container\">\n\t\t<div class=\"elementor-element elementor-element-2256f1d e-flex e-con-boxed e-con e-child\" data-id=\"2256f1d\" data-element_type=\"container\">\n\t\t\t\t\t<div class=\"e-con-inner\">\n\t\t\t\t<div class=\"elementor-element elementor-element-ceb2e0e elementor-widget elementor-widget-text-editor\" data-id=\"ceb2e0e\" data-element_type=\"widget\" data-widget_type=\"text-editor.default\">\n\t\t\t\t<div class=\"elementor-widget-container\">\n\t\t\t\t\t\t\t<p>Tenemos una actitud de \u201cPropiedad\u201d, ya que consideramos que cada uno de los veh\u00edculos y\/o activos que se nos conf\u00edan \u2013 son nuestros \u2013 y los tratamos con tal cuidado que nuestros clientes est\u00e1n tranquilos y seguros que \u201csu patrimonio\u201d\u00a0est\u00e1 en las mejores manos.<\/p>\t\t\t\t\t\t<\/div>\n\t\t\t\t<\/div>\n\t\t\t\t\t<\/div>\n\t\t\t\t<\/div>\n\t\t\t\t<\/div>\n\t\t\t\t\t<\/div>\n\t\t<\/div>\n\t\t\t\t<\/div>\n\t\t\t\t<\/div>\n\t\t\t\t\t<\/div>\n\t\t\t\t<\/div>\n\t\t<div class=\"elementor-element elementor-element-252e0f8 e-flex e-con-boxed e-con e-parent\" data-id=\"252e0f8\" data-element_type=\"container\">\n\t\t\t\t\t<div class=\"e-con-inner\">\n\t\t\t\t<div class=\"elementor-element elementor-element-77240d4 elementor-widget elementor-widget-image\" data-id=\"77240d4\" data-element_type=\"widget\" data-widget_type=\"image.default\">\n\t\t\t\t<div class=\"elementor-widget-container\">\n\t\t\t\t\t\t\t\t\t\t\t\t\t<img fetchpriority=\"high\" decoding=\"async\" width=\"1024\" height=\"789\" src=\"https:\/\/fenixgps.net\/sitio\/wp-content\/uploads\/2024\/09\/fondo-inicio-gps-fenix-1024x789.jpg\" class=\"attachment-large size-large wp-image-1638\" alt=\"\" srcset=\"https:\/\/fenixgps.net\/sitio\/wp-content\/uploads\/2024\/09\/fondo-inicio-gps-fenix-1024x789.jpg 1024w, https:\/\/fenixgps.net\/sitio\/wp-content\/uploads\/2024\/09\/fondo-inicio-gps-fenix-300x231.jpg 300w, https:\/\/fenixgps.net\/sitio\/wp-content\/uploads\/2024\/09\/fondo-inicio-gps-fenix-768x592.jpg 768w, https:\/\/fenixgps.net\/sitio\/wp-content\/uploads\/2024\/09\/fondo-inicio-gps-fenix.jpg 1500w\" sizes=\"(max-width: 1024px) 100vw, 1024px\" \/>\t\t\t\t\t\t\t\t\t\t\t\t\t<\/div>\n\t\t\t\t<\/div>\n\t\t\t\t\t<\/div>\n\t\t\t\t<\/div>\n\t\t\t\t<\/div>\n\t\t","protected":false},"excerpt":{"rendered":"<p>\u00bfQu\u00e9 podemos ofrecerles? Determinados en brindar el mejor servicio GPS para la Log\u00edstica y el Control de veh\u00edculos, activos y\/o personas creamos\u00a0\u2013\u00a0FENIX GPS \u2013\u00a0para ayudar tanto a peque\u00f1as, medianas y grandes empresas, a obtener el control total sobre sus veh\u00edculos y activos, as\u00ed como sobre el personal que los opera. No hemos escatimado esfuerzos para [&hellip;]<\/p>\n","protected":false},"author":2,"featured_media":0,"parent":0,"menu_order":0,"comment_status":"closed","ping_status":"closed","template":"","meta":{"content-type":"","_joinchat":[],"footnotes":""},"class_list":["post-626","page","type-page","status-publish","hentry"],"blocksy_meta":{"page_title_panel":"","has_hero_section":"disabled","f8940b06fd86f076f96592215f32f5eb":"","hero_section":"type-1","hero_elements":[{"id":"custom_title","enabled":true,"heading_tag":"h1","title":"Home"},{"id":"custom_description","enabled":true,"description_visibility":{"desktop":true,"tablet":true,"mobile":false}},{"id":"custom_meta","enabled":false,"meta_elements":[{"id":"author","enabled":true,"label":"By","has_author_avatar":"yes","avatar_size":25},{"id":"post_date","enabled":true,"label":"On","date_format_source":"default","date_format":"M j, Y"},{"id":"updated_date","enabled":false,"label":"On","date_format_source":"default","date_format":"M j, Y"},{"id":"categories","enabled":false,"label":"In","style":"simple"},{"id":"comments","enabled":true}],"page_meta_elements":{"joined":true,"articles_count":true,"comments":true}},{"id":"breadcrumbs","enabled":false}],"732c2ba6c44c47ecb7041191fbfe85de":"","hero_alignment1":"CT_CSS_SKIP_RULE","hero_margin":40,"hero_alignment2":"center","hero_vertical_alignment":"center","86a33870ecebc8ee83e812c25cbaecc1":"","hero_structure":"narrow","6348514eca463e46370f5e946c4b55b2":"","page_title_bg_type":"featured_image","custom_hero_background":{"attachment_id":null},"page_title_image_size":"full","parallax":{"desktop":false,"tablet":false,"mobile":false},"9910f913293d9654db9bf8c5742635fe":"","hero_height":"250px","pageTitleFont":{"family":"Default","variation":"Default","size":"30px","line-height":"CT_CSS_SKIP_RULE","letter-spacing":"CT_CSS_SKIP_RULE","text-transform":"CT_CSS_SKIP_RULE","text-decoration":"CT_CSS_SKIP_RULE"},"pageTitleFontColor":{"default":{"color":"CT_CSS_SKIP_RULEDEFAULT"}},"pageMetaFont":{"family":"Default","variation":"n6","size":"12px","line-height":"1.3","letter-spacing":"CT_CSS_SKIP_RULE","text-transform":"uppercase","text-decoration":"CT_CSS_SKIP_RULE"},"pageMetaFontColor":{"default":{"color":"CT_CSS_SKIP_RULEDEFAULT"},"hover":{"color":"CT_CSS_SKIP_RULEDEFAULT"}},"page_meta_button_type_font_colors":{"default":{"color":"CT_CSS_SKIP_RULEDEFAULT"},"hover":{"color":"CT_CSS_SKIP_RULEDEFAULT"}},"page_meta_button_type_background_colors":{"default":{"color":"CT_CSS_SKIP_RULEDEFAULT"},"hover":{"color":"CT_CSS_SKIP_RULEDEFAULT"}},"pageExcerptFont":{"family":"Default","variation":"Default","size":"CT_CSS_SKIP_RULE","line-height":"CT_CSS_SKIP_RULE","letter-spacing":"CT_CSS_SKIP_RULE","text-transform":"CT_CSS_SKIP_RULE","text-decoration":"CT_CSS_SKIP_RULE"},"pageExcerptColor":{"default":{"color":"CT_CSS_SKIP_RULEDEFAULT"}},"breadcrumbsFont":{"family":"Default","variation":"Default","size":"CT_CSS_SKIP_RULE","line-height":"CT_CSS_SKIP_RULE","letter-spacing":"CT_CSS_SKIP_RULE","text-transform":"CT_CSS_SKIP_RULE","text-decoration":"CT_CSS_SKIP_RULE"},"breadcrumbsFontColor":{"default":{"color":"CT_CSS_SKIP_RULEDEFAULT"},"initial":{"color":"CT_CSS_SKIP_RULEDEFAULT"},"hover":{"color":"CT_CSS_SKIP_RULEDEFAULT"}},"pageTitleOverlay":{"background_type":"color","background_pattern":"type-1","background_image":{"attachment_id":null,"x":0,"y":0},"gradient":"linear-gradient(135deg,rgba(6,147,227,1) 0%,rgb(155,81,224) 100%)","background_repeat":"repeat","background_size":"auto","background_attachment":"scroll","patternColor":{"default":{"color":"#e5e7ea"}},"overlayColor":{"default":{"color":"CT_CSS_SKIP_RULE"}},"backgroundColor":{"default":{"color":"CT_CSS_SKIP_RULE"}}},"pageTitleBackground":{"background_type":"color","background_pattern":"type-1","background_image":{"attachment_id":null,"x":0,"y":0},"gradient":"linear-gradient(135deg,rgba(6,147,227,1) 0%,rgb(155,81,224) 100%)","background_repeat":"repeat","background_size":"auto","background_attachment":"scroll","patternColor":{"default":{"color":"#e5e7ea"}},"overlayColor":{"default":{"color":"CT_CSS_SKIP_RULE"}},"backgroundColor":{"default":{"color":"var(--theme-palette-color-6)"}}},"pageTitlePadding":{"top":"50px","bottom":"50px","left":"auto","right":"auto","linked":true},"ba201771343f4c746aa6890bb52e3026":"","page_structure_type":"default","25819d8f22d35535731edfe0a2d84e25":"","content_style_source":"inherit","content_style":"wide","vertical_spacing_source":"custom","content_area_spacing":"none","background":{"background_type":"color","background_pattern":"type-1","background_image":{"attachment_id":null,"x":0,"y":0},"gradient":"linear-gradient(135deg,rgba(6,147,227,1) 0%,rgb(155,81,224) 100%)","background_repeat":"repeat","background_size":"auto","background_attachment":"scroll","patternColor":{"default":{"color":"#e5e7ea"}},"overlayColor":{"default":{"color":"CT_CSS_SKIP_RULE"}},"backgroundColor":{"default":{"color":"CT_CSS_SKIP_RULE"}}},"content_background":{"background_type":"color","background_pattern":"type-1","background_image":{"attachment_id":null,"x":0,"y":0},"gradient":"linear-gradient(135deg,rgba(6,147,227,1) 0%,rgb(155,81,224) 100%)","background_repeat":"repeat","background_size":"auto","background_attachment":"scroll","patternColor":{"default":{"color":"#e5e7ea"}},"overlayColor":{"default":{"color":"CT_CSS_SKIP_RULE"}},"backgroundColor":{"default":{"color":"var(--theme-palette-color-8)"}}},"content_boxed_shadow":{"inherit":false,"blur":18,"spread":-6,"v_offset":12,"h_offset":0,"inset":false,"enable":true,"color":{"color":"rgba(34, 56, 101, 0.04)"}},"content_boxed_border":{"width":1,"style":"none","color":{"color":"rgba(44,62,80,0.2)"}},"content_boxed_radius":{"top":"3px","bottom":"3px","left":"3px","right":"3px","linked":true},"boxed_content_spacing":{"desktop":{"top":"40px","bottom":"40px","left":"40px","right":"40px","linked":true},"tablet":{"top":"35px","bottom":"35px","left":"35px","right":"35px","linked":true},"mobile":{"top":"20px","bottom":"20px","left":"20px","right":"20px","linked":true}},"da9db2c28e57e42694bddbe42530e2c0":"","disable_featured_image":"no","disable_share_box":"no","disable_header":"no","disable_footer":"no","styles_descriptor":{"styles":{"desktop":"","tablet":"","mobile":""},"google_fonts":[],"version":6}},"_links":{"self":[{"href":"https:\/\/fenixgps.net\/sitio\/wp-json\/wp\/v2\/pages\/626"}],"collection":[{"href":"https:\/\/fenixgps.net\/sitio\/wp-json\/wp\/v2\/pages"}],"about":[{"href":"https:\/\/fenixgps.net\/sitio\/wp-json\/wp\/v2\/types\/page"}],"author":[{"embeddable":true,"href":"https:\/\/fenixgps.net\/sitio\/wp-json\/wp\/v2\/users\/2"}],"replies":[{"embeddable":true,"href":"https:\/\/fenixgps.net\/sitio\/wp-json\/wp\/v2\/comments?post=626"}],"version-history":[{"count":79,"href":"https:\/\/fenixgps.net\/sitio\/wp-json\/wp\/v2\/pages\/626\/revisions"}],"predecessor-version":[{"id":1641,"href":"https:\/\/fenixgps.net\/sitio\/wp-json\/wp\/v2\/pages\/626\/revisions\/1641"}],"wp:attachment":[{"href":"https:\/\/fenixgps.net\/sitio\/wp-json\/wp\/v2\/media?parent=626"}],"curies":[{"name":"wp","href":"https:\/\/api.w.org\/{rel}","templated":true}]}}