{"id":622,"date":"2022-07-05T06:07:43","date_gmt":"2022-07-05T06:07:43","guid":{"rendered":"https:\/\/startersites.io\/elementor\/car-service\/?page_id=622"},"modified":"2024-09-19T09:36:34","modified_gmt":"2024-09-19T15:36:34","slug":"sobre-nosotros","status":"publish","type":"page","link":"https:\/\/fenixgps.net\/sitio\/sobre-nosotros\/","title":{"rendered":"SOBRE NOSOTROS"},"content":{"rendered":"\t\t<div data-elementor-type=\"wp-page\" data-elementor-id=\"622\" class=\"elementor elementor-622\">\n\t\t\t\t<div class=\"elementor-element elementor-element-0cceff9 e-flex e-con-boxed e-con e-parent\" data-id=\"0cceff9\" data-element_type=\"container\">\n\t\t\t\t\t<div class=\"e-con-inner\">\n\t\t<div class=\"elementor-element elementor-element-468a81f e-con-full e-flex e-con e-child\" data-id=\"468a81f\" data-element_type=\"container\">\n\t\t\t\t<div class=\"elementor-element elementor-element-625f2c7 elementor-widget elementor-widget-heading\" data-id=\"625f2c7\" data-element_type=\"widget\" data-widget_type=\"heading.default\">\n\t\t\t\t<div class=\"elementor-widget-container\">\n\t\t\t<h2 class=\"elementor-heading-title elementor-size-default\">\u00bfQui\u00e9nes somos?<\/h2>\t\t<\/div>\n\t\t\t\t<\/div>\n\t\t\t\t<div class=\"elementor-element elementor-element-c6529e7 elementor-tablet-align-center elementor-icon-list--layout-traditional elementor-list-item-link-full_width elementor-widget elementor-widget-icon-list\" data-id=\"c6529e7\" data-element_type=\"widget\" data-widget_type=\"icon-list.default\">\n\t\t\t\t<div class=\"elementor-widget-container\">\n\t\t\t\t\t<ul class=\"elementor-icon-list-items\">\n\t\t\t\t\t\t\t<li class=\"elementor-icon-list-item\">\n\t\t\t\t\t\t\t\t\t\t<span class=\"elementor-icon-list-text\">FENIX GPS<\/span>\n\t\t\t\t\t\t\t\t\t<\/li>\n\t\t\t\t\t\t<\/ul>\n\t\t\t\t<\/div>\n\t\t\t\t<\/div>\n\t\t\t\t<div class=\"elementor-element elementor-element-0b42907 elementor-widget elementor-widget-image\" data-id=\"0b42907\" data-element_type=\"widget\" data-widget_type=\"image.default\">\n\t\t\t\t<div class=\"elementor-widget-container\">\n\t\t\t\t\t\t\t\t\t\t\t\t\t<img fetchpriority=\"high\" decoding=\"async\" width=\"300\" height=\"262\" src=\"https:\/\/fenixgps.net\/sitio\/wp-content\/uploads\/2024\/09\/quienes-somos-300x262.png\" class=\"attachment-medium size-medium wp-image-1294\" alt=\"\" srcset=\"https:\/\/fenixgps.net\/sitio\/wp-content\/uploads\/2024\/09\/quienes-somos-300x262.png 300w, https:\/\/fenixgps.net\/sitio\/wp-content\/uploads\/2024\/09\/quienes-somos-768x670.png 768w, https:\/\/fenixgps.net\/sitio\/wp-content\/uploads\/2024\/09\/quienes-somos.png 960w\" sizes=\"(max-width: 300px) 100vw, 300px\" \/>\t\t\t\t\t\t\t\t\t\t\t\t\t<\/div>\n\t\t\t\t<\/div>\n\t\t\t\t<\/div>\n\t\t<div class=\"elementor-element elementor-element-ed255f3 e-con-full e-flex e-con e-child\" data-id=\"ed255f3\" data-element_type=\"container\">\n\t\t\t\t<div class=\"elementor-element elementor-element-fe2706a elementor-widget elementor-widget-text-editor\" data-id=\"fe2706a\" data-element_type=\"widget\" data-widget_type=\"text-editor.default\">\n\t\t\t\t<div class=\"elementor-widget-container\">\n\t\t\t\t\t\t\t<p>Somos una empresa conformada por empresarios y profesionales identificados con las necesidades de los diferentes sectores productivos de la regi\u00f3n.<\/p><p>Creemos que generando oportunidades de trabajo y conformando un equipo\u00a0con\u00a0los mejores profesionales, podemos ayudar a construir una mejor sociedad.<\/p><p>Nos rodeamos de los mejores proveedores de bienes y servicios que nos garantizan el poder brindarle \u201cla mejor Soluci\u00f3n\u201d.<\/p><p>Somos temerosos de Dios y creemos firmemente que \u00c9l ha sido, es y ser\u00e1 el que nos ayudar\u00e1 a cumplir nuestros objetivos, metas y sue\u00f1os.<\/p>\t\t\t\t\t\t<\/div>\n\t\t\t\t<\/div>\n\t\t\t\t<\/div>\n\t\t\t\t\t<\/div>\n\t\t\t\t<\/div>\n\t\t<div class=\"elementor-element elementor-element-103b490 e-flex e-con-boxed e-con e-parent\" data-id=\"103b490\" data-element_type=\"container\" data-settings=\"{&quot;background_background&quot;:&quot;classic&quot;}\">\n\t\t\t\t\t<div class=\"e-con-inner\">\n\t\t\t\t\t<\/div>\n\t\t\t\t<\/div>\n\t\t<div class=\"elementor-element elementor-element-363305c e-flex e-con-boxed e-con e-parent\" data-id=\"363305c\" data-element_type=\"container\">\n\t\t\t\t\t<div class=\"e-con-inner\">\n\t\t<div class=\"elementor-element elementor-element-3b11f75 e-con-full e-flex e-con e-child\" data-id=\"3b11f75\" data-element_type=\"container\" data-settings=\"{&quot;background_background&quot;:&quot;classic&quot;}\">\n\t\t\t\t<div class=\"elementor-element elementor-element-9af29c1 elementor-view-default elementor-widget elementor-widget-icon\" data-id=\"9af29c1\" data-element_type=\"widget\" data-widget_type=\"icon.default\">\n\t\t\t\t<div class=\"elementor-widget-container\">\n\t\t\t\t\t<div class=\"elementor-icon-wrapper\">\n\t\t\t<div class=\"elementor-icon\">\n\t\t\t<svg xmlns=\"http:\/\/www.w3.org\/2000\/svg\" viewBox=\"0 0 36 36\"><path d=\"M4.5 29.567c-.031.674.47 1.249 1.125 1.287h28.127c2.997.328 2.997 4.818 0 5.146H5.625C2.52 35.999 0 33.121 0 29.567V2.552c0-3.627 4.5-3.114 4.5-.18Zm19.59-9.76a2.052 2.052 0 0 1-3.178 0l-4.036-4.603-6.286 7.18a2.052 2.052 0 0 1-3.179 0 2.83 2.83 0 0 1 0-3.634l7.876-9.005a2.052 2.052 0 0 1 3.178 0l4.036 4.603 7.411-8.466a2.05 2.05 0 0 1 3.179 0 2.834 2.834 0 0 1 0 3.634z\"><\/path><\/svg>\t\t\t<\/div>\n\t\t<\/div>\n\t\t\t\t<\/div>\n\t\t\t\t<\/div>\n\t\t\t\t<div class=\"elementor-element elementor-element-198ca58 elementor-widget elementor-widget-counter\" data-id=\"198ca58\" data-element_type=\"widget\" data-widget_type=\"counter.default\">\n\t\t\t\t<div class=\"elementor-widget-container\">\n\t\t\t\t\t<div class=\"elementor-counter\">\n\t\t\t<div class=\"elementor-counter-title\">Clientes Satisfechos<\/div>\t\t\t<div class=\"elementor-counter-number-wrapper\">\n\t\t\t\t<span class=\"elementor-counter-number-prefix\"><\/span>\n\t\t\t\t<span class=\"elementor-counter-number\" data-duration=\"2000\" data-to-value=\"250\" data-from-value=\"0\" data-delimiter=\",\">0<\/span>\n\t\t\t\t<span class=\"elementor-counter-number-suffix\"><\/span>\n\t\t\t<\/div>\n\t\t<\/div>\n\t\t\t\t<\/div>\n\t\t\t\t<\/div>\n\t\t\t\t<\/div>\n\t\t<div class=\"elementor-element elementor-element-11ae84c e-con-full e-flex e-con e-child\" data-id=\"11ae84c\" data-element_type=\"container\" data-settings=\"{&quot;background_background&quot;:&quot;classic&quot;}\">\n\t\t\t\t<div class=\"elementor-element elementor-element-888c4a7 elementor-view-default elementor-widget elementor-widget-icon\" data-id=\"888c4a7\" data-element_type=\"widget\" data-widget_type=\"icon.default\">\n\t\t\t\t<div class=\"elementor-widget-container\">\n\t\t\t\t\t<div class=\"elementor-icon-wrapper\">\n\t\t\t<div class=\"elementor-icon\">\n\t\t\t<svg xmlns=\"http:\/\/www.w3.org\/2000\/svg\" viewBox=\"0 0 44 36\"><path d=\"M35.2 11.25a5.564 5.564 0 0 0 5.5-5.625 5.5 5.5 0 1 0-11 0 5.563 5.563 0 0 0 5.5 5.625Zm-26.4 0a5.564 5.564 0 0 0 5.5-5.625A5.563 5.563 0 0 0 8.8 0a5.564 5.564 0 0 0-5.5 5.625 5.564 5.564 0 0 0 5.5 5.625ZM21.993 22.5a7.182 7.182 0 0 0 7.088-7.312 7.22 7.22 0 0 0-7.088-7.313 7.182 7.182 0 0 0-7.093 7.313 7.145 7.145 0 0 0 7.093 7.312Zm3.307 5.625a10.226 10.226 0 0 1 .593-3.33c-.159-.01-.3-.045-.462-.045h-6.862S8.8 28.948 8.8 34.123A1.913 1.913 0 0 0 10.752 36h18.295a10.144 10.144 0 0 1-3.747-7.875ZM12.643 15.188a9.573 9.573 0 0 1 .111-1.119 4.888 4.888 0 0 0-2.448-.569H6.055A6.324 6.324 0 0 0 0 20.06a1.267 1.267 0 0 0 1.211 1.315h13.716a9.6 9.6 0 0 1-2.284-6.187Zm25.3-1.687h-4.251a5.628 5.628 0 0 0-2.465.579 9.845 9.845 0 0 1 .11 1.108 9.411 9.411 0 0 1-1.007 4.172 9.554 9.554 0 0 1 12.2 2.015h.258A1.268 1.268 0 0 0 44 20.06a6.323 6.323 0 0 0-6.057-6.56Zm4.551 12.284a7.991 7.991 0 0 0-1.7-3 .363.363 0 0 0-.461-.072l-1.318.778a5.954 5.954 0 0 0-1.887-1.112v-1.63a.376.376 0 0 0-.294-.367 7.51 7.51 0 0 0-3.391 0 .639.639 0 0 0-.229.367v1.564a5.945 5.945 0 0 0-1.887 1.112L30 22.647a.365.365 0 0 0-.46.072 7.893 7.893 0 0 0-1.7 3 .386.386 0 0 0 .166.445l1.318.785a6.5 6.5 0 0 0 0 2.225l-1.318.785a.378.378 0 0 0-.166.445 7.937 7.937 0 0 0 1.7 3 .364.364 0 0 0 .46.072l1.324-.778a5.953 5.953 0 0 0 1.887 1.112v1.57a.371.371 0 0 0 .288.366 7.509 7.509 0 0 0 3.391 0 .376.376 0 0 0 .294-.366v-1.564a5.942 5.942 0 0 0 1.889-1.116l1.318.778a.364.364 0 0 0 .461-.072 7.983 7.983 0 0 0 1.7-3 .381.381 0 0 0-.173-.445l-1.318-.785a6.194 6.194 0 0 0 0-2.225l1.318-.785c.157-.024.221-.207.115-.382Zm-7.294 4.59a2.251 2.251 0 1 1 2.2-2.25 2.226 2.226 0 0 1-2.2 2.25Z\"><\/path><\/svg>\t\t\t<\/div>\n\t\t<\/div>\n\t\t\t\t<\/div>\n\t\t\t\t<\/div>\n\t\t\t\t<div class=\"elementor-element elementor-element-ea65d0b elementor-widget elementor-widget-counter\" data-id=\"ea65d0b\" data-element_type=\"widget\" data-widget_type=\"counter.default\">\n\t\t\t\t<div class=\"elementor-widget-container\">\n\t\t\t\t\t<div class=\"elementor-counter\">\n\t\t\t<div class=\"elementor-counter-title\">Veh\u00edculos Monitoreados<\/div>\t\t\t<div class=\"elementor-counter-number-wrapper\">\n\t\t\t\t<span class=\"elementor-counter-number-prefix\"><\/span>\n\t\t\t\t<span class=\"elementor-counter-number\" data-duration=\"2000\" data-to-value=\"2000\" data-from-value=\"0\" data-delimiter=\",\">0<\/span>\n\t\t\t\t<span class=\"elementor-counter-number-suffix\"><\/span>\n\t\t\t<\/div>\n\t\t<\/div>\n\t\t\t\t<\/div>\n\t\t\t\t<\/div>\n\t\t\t\t<\/div>\n\t\t<div class=\"elementor-element elementor-element-5d8a568 e-con-full e-flex e-con e-child\" data-id=\"5d8a568\" data-element_type=\"container\" data-settings=\"{&quot;background_background&quot;:&quot;classic&quot;}\">\n\t\t\t\t<div class=\"elementor-element elementor-element-e3145c3 elementor-view-default elementor-widget elementor-widget-icon\" data-id=\"e3145c3\" data-element_type=\"widget\" data-widget_type=\"icon.default\">\n\t\t\t\t<div class=\"elementor-widget-container\">\n\t\t\t\t\t<div class=\"elementor-icon-wrapper\">\n\t\t\t<div class=\"elementor-icon\">\n\t\t\t<svg xmlns=\"http:\/\/www.w3.org\/2000\/svg\" viewBox=\"0 0 39.156 39\"><path d=\"M2.214 36.943a5.316 5.316 0 0 1-.8-6.495 6.58 6.58 0 0 1 2.11-2.167l9.132-5.812a.693.693 0 0 0 .32-.583v-1.333a.592.592 0 0 1 .173-.418l.387-.386a.59.59 0 0 1 .837 0l5.033 5.033a.592.592 0 0 1 0 .837l-.386.386a.592.592 0 0 1-.419.174h-1.33a.691.691 0 0 0-.584.32l-5.811 9.133a6.578 6.578 0 0 1-2.167 2.111 5.317 5.317 0 0 1-6.495-.8Zm25.442 0-.979-.979-.524-.524a4.8 4.8 0 0 1-.424-6.294L10.011 13.428A4.8 4.8 0 0 1 3.716 13l-.525-.524-.977-.976a4.152 4.152 0 0 1 0-5.872l3.914 3.917a6.19 6.19 0 0 0 3.914-3.915L6.128 1.716a4.151 4.151 0 0 1 5.871 0l.979.978.525.524a4.8 4.8 0 0 1 .423 6.3l15.716 15.713a4.793 4.793 0 0 1 6.3.424l.525.524.978.978a4.151 4.151 0 0 1 0 5.871l-3.919-3.914a6.186 6.186 0 0 0-3.914 3.914l3.914 3.915a4.152 4.152 0 0 1-5.87 0Zm-5.872-21.528 6.85-6.85.829-2.484a1.382 1.382 0 0 1 .545-.714l5.476-3.651 1.957 1.958-3.652 5.475a1.384 1.384 0 0 1-.714.545l-2.485.829-6.85 6.849Z\"><\/path><\/svg>\t\t\t<\/div>\n\t\t<\/div>\n\t\t\t\t<\/div>\n\t\t\t\t<\/div>\n\t\t\t\t<div class=\"elementor-element elementor-element-b0dc21b elementor-widget elementor-widget-counter\" data-id=\"b0dc21b\" data-element_type=\"widget\" data-widget_type=\"counter.default\">\n\t\t\t\t<div class=\"elementor-widget-container\">\n\t\t\t\t\t<div class=\"elementor-counter\">\n\t\t\t<div class=\"elementor-counter-title\">kil\u00f3metros Recorridos \u2013 Ultimo Mes<\/div>\t\t\t<div class=\"elementor-counter-number-wrapper\">\n\t\t\t\t<span class=\"elementor-counter-number-prefix\"><\/span>\n\t\t\t\t<span class=\"elementor-counter-number\" data-duration=\"2000\" data-to-value=\"20\" data-from-value=\"0\" data-delimiter=\",\">0<\/span>\n\t\t\t\t<span class=\"elementor-counter-number-suffix\">M<\/span>\n\t\t\t<\/div>\n\t\t<\/div>\n\t\t\t\t<\/div>\n\t\t\t\t<\/div>\n\t\t\t\t<\/div>\n\t\t\t\t\t<\/div>\n\t\t\t\t<\/div>\n\t\t<div class=\"elementor-element elementor-element-592486f e-flex e-con-boxed e-con e-parent\" data-id=\"592486f\" data-element_type=\"container\" data-settings=\"{&quot;background_background&quot;:&quot;classic&quot;}\">\n\t\t\t\t\t<div class=\"e-con-inner\">\n\t\t\t\t<div class=\"elementor-element elementor-element-93a4c73 elementor-widget elementor-widget-heading\" data-id=\"93a4c73\" data-element_type=\"widget\" data-widget_type=\"heading.default\">\n\t\t\t\t<div class=\"elementor-widget-container\">\n\t\t\t<h2 class=\"elementor-heading-title elementor-size-default\">Sobre Nosotros<\/h2>\t\t<\/div>\n\t\t\t\t<\/div>\n\t\t\t\t\t<\/div>\n\t\t\t\t<\/div>\n\t\t<div class=\"elementor-element elementor-element-1a9d158 e-flex e-con-boxed e-con e-parent\" data-id=\"1a9d158\" data-element_type=\"container\" data-settings=\"{&quot;background_background&quot;:&quot;classic&quot;}\">\n\t\t\t\t\t<div class=\"e-con-inner\">\n\t\t<div class=\"elementor-element elementor-element-58b69d5 e-con-full e-flex e-con e-child\" data-id=\"58b69d5\" data-element_type=\"container\" data-settings=\"{&quot;background_background&quot;:&quot;classic&quot;}\">\n\t\t\t\t<div class=\"elementor-element elementor-element-673e1cc elementor-widget elementor-widget-heading\" data-id=\"673e1cc\" data-element_type=\"widget\" data-widget_type=\"heading.default\">\n\t\t\t\t<div class=\"elementor-widget-container\">\n\t\t\t<h5 class=\"elementor-heading-title elementor-size-default\">Nuestra M\u00edsi\u00f3n<\/h5>\t\t<\/div>\n\t\t\t\t<\/div>\n\t\t\t\t<div class=\"elementor-element elementor-element-a574123 elementor-widget elementor-widget-text-editor\" data-id=\"a574123\" data-element_type=\"widget\" data-widget_type=\"text-editor.default\">\n\t\t\t\t<div class=\"elementor-widget-container\">\n\t\t\t\t\t\t\t<p>Ser la compa\u00f1\u00eda elegida por nuestros productos y servicios. \u00a0Ser reconocidos por nuestra calidad de servicio, el profesionalismo de nuestra gente y por lo que aportamos a la sociedad, as\u00ed como a la seguridad y control en las empresas de la regi\u00f3n.<\/p>\t\t\t\t\t\t<\/div>\n\t\t\t\t<\/div>\n\t\t\t\t<\/div>\n\t\t<div class=\"elementor-element elementor-element-429dbf5 e-con-full e-flex e-con e-child\" data-id=\"429dbf5\" data-element_type=\"container\" data-settings=\"{&quot;background_background&quot;:&quot;classic&quot;}\">\n\t\t\t\t<div class=\"elementor-element elementor-element-4d7044d elementor-widget elementor-widget-heading\" data-id=\"4d7044d\" data-element_type=\"widget\" data-widget_type=\"heading.default\">\n\t\t\t\t<div class=\"elementor-widget-container\">\n\t\t\t<h5 class=\"elementor-heading-title elementor-size-default\">Nuestra Visi\u00f3n<\/h5>\t\t<\/div>\n\t\t\t\t<\/div>\n\t\t\t\t<div class=\"elementor-element elementor-element-4e02385 elementor-widget elementor-widget-text-editor\" data-id=\"4e02385\" data-element_type=\"widget\" data-widget_type=\"text-editor.default\">\n\t\t\t\t<div class=\"elementor-widget-container\">\n\t\t\t\t\t\t\t<p>Ser la empresa l\u00edder en la regi\u00f3n centroamericana, en la prestaci\u00f3n de servicios de Geolocalizaci\u00f3n y Log\u00edstica, satisfaciendo las necesidades de nuestros clientes, brind\u00e1ndoles un producto de calidad y con un excelente servicio.<\/p>\t\t\t\t\t\t<\/div>\n\t\t\t\t<\/div>\n\t\t\t\t<\/div>\n\t\t<div class=\"elementor-element elementor-element-46cac0e e-con-full e-flex e-con e-child\" data-id=\"46cac0e\" data-element_type=\"container\" data-settings=\"{&quot;background_background&quot;:&quot;classic&quot;}\">\n\t\t\t\t<div class=\"elementor-element elementor-element-e206c84 elementor-widget elementor-widget-heading\" data-id=\"e206c84\" data-element_type=\"widget\" data-widget_type=\"heading.default\">\n\t\t\t\t<div class=\"elementor-widget-container\">\n\t\t\t<h5 class=\"elementor-heading-title elementor-size-default\">Principios y Valores<\/h5>\t\t<\/div>\n\t\t\t\t<\/div>\n\t\t\t\t<div class=\"elementor-element elementor-element-fa79859 elementor-widget elementor-widget-text-editor\" data-id=\"fa79859\" data-element_type=\"widget\" data-widget_type=\"text-editor.default\">\n\t\t\t\t<div class=\"elementor-widget-container\">\n\t\t\t\t\t\t\t<p>Creatividad, Ingenio, Pasi\u00f3n, Perseverancia, Honestidad, Integridad, Fortaleza, Confianza, Respeto, temor a Dios.<\/p><p>Entre otros, estos son algunos de los Principios y Valores que ponemos en pr\u00e1ctica en\u00a0<strong>FENIX GPS<\/strong>.<\/p>\t\t\t\t\t\t<\/div>\n\t\t\t\t<\/div>\n\t\t\t\t<\/div>\n\t\t\t\t\t<\/div>\n\t\t\t\t<\/div>\n\t\t\t\t<\/div>\n\t\t","protected":false},"excerpt":{"rendered":"<p>\u00bfQui\u00e9nes somos? FENIX GPS Somos una empresa conformada por empresarios y profesionales identificados con las necesidades de los diferentes sectores productivos de la regi\u00f3n. Creemos que generando oportunidades de trabajo y conformando un equipo\u00a0con\u00a0los mejores profesionales, podemos ayudar a construir una mejor sociedad. Nos rodeamos de los mejores proveedores de bienes y servicios que nos [&hellip;]<\/p>\n","protected":false},"author":2,"featured_media":0,"parent":0,"menu_order":0,"comment_status":"closed","ping_status":"closed","template":"","meta":{"content-type":"","_joinchat":[],"footnotes":""},"class_list":["post-622","page","type-page","status-publish","hentry"],"blocksy_meta":{"styles_descriptor":{"styles":{"desktop":"","tablet":"","mobile":""},"google_fonts":[],"version":6},"page_title_panel":"","has_hero_section":"disabled","2314b058ee0f189b680dd2ed328995de":"","hero_section":"type-1","hero_elements":[{"id":"custom_title","enabled":true,"heading_tag":"h1","title":"Home"},{"id":"custom_description","enabled":true,"description_visibility":{"desktop":true,"tablet":true,"mobile":false}},{"id":"custom_meta","enabled":false,"meta_elements":[{"id":"author","enabled":true,"label":"By","has_author_avatar":"yes","avatar_size":25},{"id":"post_date","enabled":true,"label":"On","date_format_source":"default","date_format":"M j, Y"},{"id":"updated_date","enabled":false,"label":"On","date_format_source":"default","date_format":"M j, Y"},{"id":"categories","enabled":false,"label":"In","style":"simple"},{"id":"comments","enabled":true}],"page_meta_elements":{"joined":true,"articles_count":true,"comments":true}},{"id":"breadcrumbs","enabled":false}],"82058aec85f9b527a240e4d601400a69":"","hero_alignment1":"CT_CSS_SKIP_RULE","hero_margin":40,"hero_alignment2":"center","hero_vertical_alignment":"center","ae4f98001e9f3beeb9428ec8bd47dc09":"","hero_structure":"narrow","85f8dd86cd11ab8c71ae0ed5103e26d8":"","page_title_bg_type":"featured_image","custom_hero_background":{"attachment_id":null},"page_title_image_size":"full","parallax":{"desktop":false,"tablet":false,"mobile":false},"fa1303f7ccb74ce9c93959dab70aabcc":"","hero_height":"250px","pageTitleFont":{"family":"Default","variation":"Default","size":"30px","line-height":"CT_CSS_SKIP_RULE","letter-spacing":"CT_CSS_SKIP_RULE","text-transform":"CT_CSS_SKIP_RULE","text-decoration":"CT_CSS_SKIP_RULE"},"pageTitleFontColor":{"default":{"color":"CT_CSS_SKIP_RULEDEFAULT"}},"pageMetaFont":{"family":"Default","variation":"n6","size":"12px","line-height":"1.3","letter-spacing":"CT_CSS_SKIP_RULE","text-transform":"uppercase","text-decoration":"CT_CSS_SKIP_RULE"},"pageMetaFontColor":{"default":{"color":"CT_CSS_SKIP_RULEDEFAULT"},"hover":{"color":"CT_CSS_SKIP_RULEDEFAULT"}},"page_meta_button_type_font_colors":{"default":{"color":"CT_CSS_SKIP_RULEDEFAULT"},"hover":{"color":"CT_CSS_SKIP_RULEDEFAULT"}},"page_meta_button_type_background_colors":{"default":{"color":"CT_CSS_SKIP_RULEDEFAULT"},"hover":{"color":"CT_CSS_SKIP_RULEDEFAULT"}},"pageExcerptFont":{"family":"Default","variation":"Default","size":"CT_CSS_SKIP_RULE","line-height":"CT_CSS_SKIP_RULE","letter-spacing":"CT_CSS_SKIP_RULE","text-transform":"CT_CSS_SKIP_RULE","text-decoration":"CT_CSS_SKIP_RULE"},"pageExcerptColor":{"default":{"color":"CT_CSS_SKIP_RULEDEFAULT"}},"breadcrumbsFont":{"family":"Default","variation":"Default","size":"CT_CSS_SKIP_RULE","line-height":"CT_CSS_SKIP_RULE","letter-spacing":"CT_CSS_SKIP_RULE","text-transform":"CT_CSS_SKIP_RULE","text-decoration":"CT_CSS_SKIP_RULE"},"breadcrumbsFontColor":{"default":{"color":"CT_CSS_SKIP_RULEDEFAULT"},"initial":{"color":"CT_CSS_SKIP_RULEDEFAULT"},"hover":{"color":"CT_CSS_SKIP_RULEDEFAULT"}},"pageTitleOverlay":{"background_type":"color","background_pattern":"type-1","background_image":{"attachment_id":null,"x":0,"y":0},"gradient":"linear-gradient(135deg,rgba(6,147,227,1) 0%,rgb(155,81,224) 100%)","background_repeat":"repeat","background_size":"auto","background_attachment":"scroll","patternColor":{"default":{"color":"#e5e7ea"}},"overlayColor":{"default":{"color":"CT_CSS_SKIP_RULE"}},"backgroundColor":{"default":{"color":"CT_CSS_SKIP_RULE"}}},"pageTitleBackground":{"background_type":"color","background_pattern":"type-1","background_image":{"attachment_id":null,"x":0,"y":0},"gradient":"linear-gradient(135deg,rgba(6,147,227,1) 0%,rgb(155,81,224) 100%)","background_repeat":"repeat","background_size":"auto","background_attachment":"scroll","patternColor":{"default":{"color":"#e5e7ea"}},"overlayColor":{"default":{"color":"CT_CSS_SKIP_RULE"}},"backgroundColor":{"default":{"color":"var(--theme-palette-color-6)"}}},"pageTitlePadding":{"top":"50px","bottom":"50px","left":"auto","right":"auto","linked":true},"21d7b0cad1ef42cc7d89b7a386c567b2":"","page_structure_type":"default","12227a02acb888730816991290be008b":"","content_style_source":"inherit","content_style":"wide","vertical_spacing_source":"custom","content_area_spacing":"none","background":{"background_type":"color","background_pattern":"type-1","background_image":{"attachment_id":null,"x":0,"y":0},"gradient":"linear-gradient(135deg,rgba(6,147,227,1) 0%,rgb(155,81,224) 100%)","background_repeat":"repeat","background_size":"auto","background_attachment":"scroll","patternColor":{"default":{"color":"#e5e7ea"}},"overlayColor":{"default":{"color":"CT_CSS_SKIP_RULE"}},"backgroundColor":{"default":{"color":"CT_CSS_SKIP_RULE"}}},"content_background":{"background_type":"color","background_pattern":"type-1","background_image":{"attachment_id":null,"x":0,"y":0},"gradient":"linear-gradient(135deg,rgba(6,147,227,1) 0%,rgb(155,81,224) 100%)","background_repeat":"repeat","background_size":"auto","background_attachment":"scroll","patternColor":{"default":{"color":"#e5e7ea"}},"overlayColor":{"default":{"color":"CT_CSS_SKIP_RULE"}},"backgroundColor":{"default":{"color":"var(--theme-palette-color-8)"}}},"content_boxed_shadow":{"inherit":false,"blur":18,"spread":-6,"v_offset":12,"h_offset":0,"inset":false,"enable":true,"color":{"color":"rgba(34, 56, 101, 0.04)"}},"content_boxed_border":{"width":1,"style":"none","color":{"color":"rgba(44,62,80,0.2)"}},"content_boxed_radius":{"top":"3px","bottom":"3px","left":"3px","right":"3px","linked":true},"boxed_content_spacing":{"desktop":{"top":"40px","bottom":"40px","left":"40px","right":"40px","linked":true},"tablet":{"top":"35px","bottom":"35px","left":"35px","right":"35px","linked":true},"mobile":{"top":"20px","bottom":"20px","left":"20px","right":"20px","linked":true}},"36f5050a174b5fc70148d8271cae0d82":"","disable_featured_image":"no","disable_share_box":"no","disable_header":"no","disable_footer":"no"},"_links":{"self":[{"href":"https:\/\/fenixgps.net\/sitio\/wp-json\/wp\/v2\/pages\/622"}],"collection":[{"href":"https:\/\/fenixgps.net\/sitio\/wp-json\/wp\/v2\/pages"}],"about":[{"href":"https:\/\/fenixgps.net\/sitio\/wp-json\/wp\/v2\/types\/page"}],"author":[{"embeddable":true,"href":"https:\/\/fenixgps.net\/sitio\/wp-json\/wp\/v2\/users\/2"}],"replies":[{"embeddable":true,"href":"https:\/\/fenixgps.net\/sitio\/wp-json\/wp\/v2\/comments?post=622"}],"version-history":[{"count":50,"href":"https:\/\/fenixgps.net\/sitio\/wp-json\/wp\/v2\/pages\/622\/revisions"}],"predecessor-version":[{"id":1612,"href":"https:\/\/fenixgps.net\/sitio\/wp-json\/wp\/v2\/pages\/622\/revisions\/1612"}],"wp:attachment":[{"href":"https:\/\/fenixgps.net\/sitio\/wp-json\/wp\/v2\/media?parent=622"}],"curies":[{"name":"wp","href":"https:\/\/api.w.org\/{rel}","templated":true}]}}