{"id":1524,"date":"2024-09-18T22:39:24","date_gmt":"2024-09-19T04:39:24","guid":{"rendered":"https:\/\/fenixgps.net\/sitio\/?page_id=1524"},"modified":"2024-09-18T22:48:13","modified_gmt":"2024-09-19T04:48:13","slug":"fenix-cadena-de-frio","status":"publish","type":"page","link":"https:\/\/fenixgps.net\/sitio\/fenix-cadena-de-frio\/","title":{"rendered":"FENIX \u2013 Cadena de fr\u00edo"},"content":{"rendered":"\t\t<div data-elementor-type=\"wp-page\" data-elementor-id=\"1524\" class=\"elementor elementor-1524\">\n\t\t\t\t<div class=\"elementor-element elementor-element-1569f2f e-flex e-con-boxed e-con e-parent\" data-id=\"1569f2f\" data-element_type=\"container\" data-settings=\"{&quot;background_background&quot;:&quot;classic&quot;}\">\n\t\t\t\t\t<div class=\"e-con-inner\">\n\t\t\t\t<div class=\"elementor-element elementor-element-432da50 elementor-widget elementor-widget-heading\" data-id=\"432da50\" data-element_type=\"widget\" data-widget_type=\"heading.default\">\n\t\t\t\t<div class=\"elementor-widget-container\">\n\t\t\t<h2 class=\"elementor-heading-title elementor-size-default\">FENIX \u2013 Cadena de fr\u00edo<\/h2>\t\t<\/div>\n\t\t\t\t<\/div>\n\t\t\t\t\t<\/div>\n\t\t\t\t<\/div>\n\t\t<div class=\"elementor-element elementor-element-055667a e-flex e-con-boxed e-con e-parent\" data-id=\"055667a\" data-element_type=\"container\">\n\t\t\t\t\t<div class=\"e-con-inner\">\n\t\t<div class=\"elementor-element elementor-element-eea4b53 e-con-full e-flex e-con e-child\" data-id=\"eea4b53\" data-element_type=\"container\" data-settings=\"{&quot;background_background&quot;:&quot;classic&quot;}\">\n\t\t\t\t<div class=\"elementor-element elementor-element-d1a6ef9 elementor-widget elementor-widget-image\" data-id=\"d1a6ef9\" data-element_type=\"widget\" data-widget_type=\"image.default\">\n\t\t\t\t<div class=\"elementor-widget-container\">\n\t\t\t\t\t\t\t\t\t\t\t\t\t<img fetchpriority=\"high\" decoding=\"async\" width=\"600\" height=\"315\" src=\"https:\/\/fenixgps.net\/sitio\/wp-content\/uploads\/2024\/09\/FENIX-\u2013-Cadena-de-frio.png\" class=\"attachment-large size-large wp-image-1526\" alt=\"\" srcset=\"https:\/\/fenixgps.net\/sitio\/wp-content\/uploads\/2024\/09\/FENIX-\u2013-Cadena-de-frio.png 600w, https:\/\/fenixgps.net\/sitio\/wp-content\/uploads\/2024\/09\/FENIX-\u2013-Cadena-de-frio-300x158.png 300w\" sizes=\"(max-width: 600px) 100vw, 600px\" \/>\t\t\t\t\t\t\t\t\t\t\t\t\t<\/div>\n\t\t\t\t<\/div>\n\t\t\t\t<div class=\"elementor-element elementor-element-be37569 elementor-view-framed elementor-shape-square elementor-widget-mobile__width-inherit elementor-position-top elementor-mobile-position-top elementor-widget elementor-widget-icon-box\" data-id=\"be37569\" data-element_type=\"widget\" data-widget_type=\"icon-box.default\">\n\t\t\t\t<div class=\"elementor-widget-container\">\n\t\t\t\t\t<div class=\"elementor-icon-box-wrapper\">\n\n\t\t\t\t\t\t<div class=\"elementor-icon-box-icon\">\n\t\t\t\t<span  class=\"elementor-icon elementor-animation-\">\n\t\t\t\t<svg aria-hidden=\"true\" class=\"e-font-icon-svg e-fas-dice-d6\" viewBox=\"0 0 448 512\" xmlns=\"http:\/\/www.w3.org\/2000\/svg\"><path d=\"M422.19 109.95L256.21 9.07c-19.91-12.1-44.52-12.1-64.43 0L25.81 109.95c-5.32 3.23-5.29 11.27.06 14.46L224 242.55l198.14-118.14c5.35-3.19 5.38-11.22.05-14.46zm13.84 44.63L240 271.46v223.82c0 12.88 13.39 20.91 24.05 14.43l152.16-92.48c19.68-11.96 31.79-33.94 31.79-57.7v-197.7c0-6.41-6.64-10.43-11.97-7.25zM0 161.83v197.7c0 23.77 12.11 45.74 31.79 57.7l152.16 92.47c10.67 6.48 24.05-1.54 24.05-14.43V271.46L11.97 154.58C6.64 151.4 0 155.42 0 161.83z\"><\/path><\/svg>\t\t\t\t<\/span>\n\t\t\t<\/div>\n\t\t\t\n\t\t\t\t\t\t<div class=\"elementor-icon-box-content\">\n\n\t\t\t\t\t\t\t\t\t<h4 class=\"elementor-icon-box-title\">\n\t\t\t\t\t\t<span  >\n\t\t\t\t\t\t\tFENIX \u2013 Cadena de fr\u00edo\t\t\t\t\t\t<\/span>\n\t\t\t\t\t<\/h4>\n\t\t\t\t\n\t\t\t\t\t\t\t\t\t<p class=\"elementor-icon-box-description\">\n\t\t\t\t\t\tControle la temperatura de su producto en l\u00ednea y obtenga alertas tempranas sobre el comportamiento de la temperatura.\t\t\t\t\t<\/p>\n\t\t\t\t\n\t\t\t<\/div>\n\t\t\t\n\t\t<\/div>\n\t\t\t\t<\/div>\n\t\t\t\t<\/div>\n\t\t\t\t<\/div>\n\t\t<div class=\"elementor-element elementor-element-fa21a6a e-con-full e-flex e-con e-child\" data-id=\"fa21a6a\" data-element_type=\"container\" data-settings=\"{&quot;background_background&quot;:&quot;classic&quot;}\">\n\t\t\t\t<div class=\"elementor-element elementor-element-db19dd5 e-n-tabs-mobile elementor-widget elementor-widget-n-tabs\" data-id=\"db19dd5\" data-element_type=\"widget\" data-settings=\"{&quot;horizontal_scroll&quot;:&quot;disable&quot;}\" data-widget_type=\"nested-tabs.default\">\n\t\t\t\t<div class=\"elementor-widget-container\">\n\t\t\t\t\t<div class=\"e-n-tabs\" data-widget-number=\"229744085\" aria-label=\"Pesta\u00f1as. Abre elementos con Intro o Espacio, ci\u00e9rralos con Escape y navega con las fechas.\">\n\t\t\t<div class=\"e-n-tabs-heading\" role=\"tablist\">\n\t\t\t\t\t<button id=\"e-n-tab-title-2297440851\" class=\"e-n-tab-title\" aria-selected=\"true\" data-tab-index=\"1\" role=\"tab\" tabindex=\"0\" aria-controls=\"e-n-tab-content-2297440851\" style=\"--n-tabs-title-order: 1;\">\n\t\t\t\t\t\t<span class=\"e-n-tab-title-text\">\n\t\t\t\tTermokines\t\t\t<\/span>\n\t\t<\/button>\n\t\t\t\t<button id=\"e-n-tab-title-2297440852\" class=\"e-n-tab-title\" aria-selected=\"false\" data-tab-index=\"2\" role=\"tab\" tabindex=\"-1\" aria-controls=\"e-n-tab-content-2297440852\" style=\"--n-tabs-title-order: 2;\">\n\t\t\t\t\t\t<span class=\"e-n-tab-title-text\">\n\t\t\t\tCuartos fr\u00edos\t\t\t<\/span>\n\t\t<\/button>\n\t\t\t\t<button id=\"e-n-tab-title-2297440853\" class=\"e-n-tab-title\" aria-selected=\"false\" data-tab-index=\"3\" role=\"tab\" tabindex=\"-1\" aria-controls=\"e-n-tab-content-2297440853\" style=\"--n-tabs-title-order: 3;\">\n\t\t\t\t\t\t<span class=\"e-n-tab-title-text\">\n\t\t\t\tContenedores\t\t\t<\/span>\n\t\t<\/button>\n\t\t\t\t\t<\/div>\n\t\t\t<div class=\"e-n-tabs-content\">\n\t\t\t\t<div id=\"e-n-tab-content-2297440851\" role=\"tabpanel\" aria-labelledby=\"e-n-tab-title-2297440851\" data-tab-index=\"1\" style=\"--n-tabs-title-order: 1;\" class=\"e-active elementor-element elementor-element-84ca778 e-con-full e-flex e-con e-child\" data-id=\"84ca778\" data-element_type=\"container\">\n\t\t<div class=\"elementor-element elementor-element-b5c6e65 e-flex e-con-boxed e-con e-child\" data-id=\"b5c6e65\" data-element_type=\"container\">\n\t\t\t\t\t<div class=\"e-con-inner\">\n\t\t\t\t<div class=\"elementor-element elementor-element-7bd3484 elementor-widget elementor-widget-text-editor\" data-id=\"7bd3484\" data-element_type=\"widget\" data-widget_type=\"text-editor.default\">\n\t\t\t\t<div class=\"elementor-widget-container\">\n\t\t\t\t\t\t\t<p>Los niveles de temperatura son controlados mediante nuestros sensores.<\/p>\t\t\t\t\t\t<\/div>\n\t\t\t\t<\/div>\n\t\t\t\t\t<\/div>\n\t\t\t\t<\/div>\n\t\t\t\t<\/div>\n\t\t<div id=\"e-n-tab-content-2297440852\" role=\"tabpanel\" aria-labelledby=\"e-n-tab-title-2297440852\" data-tab-index=\"2\" style=\"--n-tabs-title-order: 2;\" class=\" elementor-element elementor-element-671c9e7 e-con-full e-flex e-con e-child\" data-id=\"671c9e7\" data-element_type=\"container\">\n\t\t<div class=\"elementor-element elementor-element-08d39d7 e-flex e-con-boxed e-con e-child\" data-id=\"08d39d7\" data-element_type=\"container\">\n\t\t\t\t\t<div class=\"e-con-inner\">\n\t\t\t\t<div class=\"elementor-element elementor-element-c94e7c3 elementor-widget elementor-widget-text-editor\" data-id=\"c94e7c3\" data-element_type=\"widget\" data-widget_type=\"text-editor.default\">\n\t\t\t\t<div class=\"elementor-widget-container\">\n\t\t\t\t\t\t\t<p>Mantenga la temperatura controlada de sus productos mediante nuestros sensores.<\/p>\t\t\t\t\t\t<\/div>\n\t\t\t\t<\/div>\n\t\t\t\t\t<\/div>\n\t\t\t\t<\/div>\n\t\t\t\t<\/div>\n\t\t<div id=\"e-n-tab-content-2297440853\" role=\"tabpanel\" aria-labelledby=\"e-n-tab-title-2297440853\" data-tab-index=\"3\" style=\"--n-tabs-title-order: 3;\" class=\" elementor-element elementor-element-f47c302 e-con-full e-flex e-con e-child\" data-id=\"f47c302\" data-element_type=\"container\">\n\t\t<div class=\"elementor-element elementor-element-54f4200 e-flex e-con-boxed e-con e-child\" data-id=\"54f4200\" data-element_type=\"container\">\n\t\t\t\t\t<div class=\"e-con-inner\">\n\t\t\t\t<div class=\"elementor-element elementor-element-376649c elementor-widget elementor-widget-text-editor\" data-id=\"376649c\" data-element_type=\"widget\" data-widget_type=\"text-editor.default\">\n\t\t\t\t<div class=\"elementor-widget-container\">\n\t\t\t\t\t\t\t<p>Controlamos todo, aun en sus contenedores, lleve a tiempo y en buen estado los productos.<\/p>\t\t\t\t\t\t<\/div>\n\t\t\t\t<\/div>\n\t\t\t\t\t<\/div>\n\t\t\t\t<\/div>\n\t\t\t\t<\/div>\n\t\t\t\t\t<\/div>\n\t\t<\/div>\n\t\t\t\t<\/div>\n\t\t\t\t<\/div>\n\t\t\t\t<\/div>\n\t\t\t\t\t<\/div>\n\t\t\t\t<\/div>\n\t\t\t\t<\/div>\n\t\t","protected":false},"excerpt":{"rendered":"<p>FENIX \u2013 Cadena de fr\u00edo FENIX \u2013 Cadena de fr\u00edo Controle la temperatura de su producto en l\u00ednea y obtenga alertas tempranas sobre el comportamiento de la temperatura. Termokines Cuartos fr\u00edos Contenedores Los niveles de temperatura son controlados mediante nuestros sensores. Mantenga la temperatura controlada de sus productos mediante nuestros sensores. Controlamos todo, aun en [&hellip;]<\/p>\n","protected":false},"author":2,"featured_media":0,"parent":0,"menu_order":0,"comment_status":"closed","ping_status":"closed","template":"elementor_header_footer","meta":{"content-type":"","_joinchat":[],"footnotes":""},"class_list":["post-1524","page","type-page","status-publish","hentry"],"blocksy_meta":[],"_links":{"self":[{"href":"https:\/\/fenixgps.net\/sitio\/wp-json\/wp\/v2\/pages\/1524"}],"collection":[{"href":"https:\/\/fenixgps.net\/sitio\/wp-json\/wp\/v2\/pages"}],"about":[{"href":"https:\/\/fenixgps.net\/sitio\/wp-json\/wp\/v2\/types\/page"}],"author":[{"embeddable":true,"href":"https:\/\/fenixgps.net\/sitio\/wp-json\/wp\/v2\/users\/2"}],"replies":[{"embeddable":true,"href":"https:\/\/fenixgps.net\/sitio\/wp-json\/wp\/v2\/comments?post=1524"}],"version-history":[{"count":10,"href":"https:\/\/fenixgps.net\/sitio\/wp-json\/wp\/v2\/pages\/1524\/revisions"}],"predecessor-version":[{"id":1535,"href":"https:\/\/fenixgps.net\/sitio\/wp-json\/wp\/v2\/pages\/1524\/revisions\/1535"}],"wp:attachment":[{"href":"https:\/\/fenixgps.net\/sitio\/wp-json\/wp\/v2\/media?parent=1524"}],"curies":[{"name":"wp","href":"https:\/\/api.w.org\/{rel}","templated":true}]}}