{"id":1514,"date":"2024-09-18T22:31:23","date_gmt":"2024-09-19T04:31:23","guid":{"rendered":"https:\/\/fenixgps.net\/sitio\/?page_id=1514"},"modified":"2024-09-18T22:37:16","modified_gmt":"2024-09-19T04:37:16","slug":"fenix-rastreo-de-mercaderia","status":"publish","type":"page","link":"https:\/\/fenixgps.net\/sitio\/fenix-rastreo-de-mercaderia\/","title":{"rendered":"FENIX \u2013 Rastreo de mercader\u00eda"},"content":{"rendered":"\t\t<div data-elementor-type=\"wp-page\" data-elementor-id=\"1514\" class=\"elementor elementor-1514\">\n\t\t\t\t<div class=\"elementor-element elementor-element-1569f2f e-flex e-con-boxed e-con e-parent\" data-id=\"1569f2f\" data-element_type=\"container\" data-settings=\"{&quot;background_background&quot;:&quot;classic&quot;}\">\n\t\t\t\t\t<div class=\"e-con-inner\">\n\t\t\t\t<div class=\"elementor-element elementor-element-432da50 elementor-widget elementor-widget-heading\" data-id=\"432da50\" data-element_type=\"widget\" data-widget_type=\"heading.default\">\n\t\t\t\t<div class=\"elementor-widget-container\">\n\t\t\t<h2 class=\"elementor-heading-title elementor-size-default\">FENIX \u2013 Rastreo de mercader\u00eda<\/h2>\t\t<\/div>\n\t\t\t\t<\/div>\n\t\t\t\t\t<\/div>\n\t\t\t\t<\/div>\n\t\t<div class=\"elementor-element elementor-element-055667a e-flex e-con-boxed e-con e-parent\" data-id=\"055667a\" data-element_type=\"container\">\n\t\t\t\t\t<div class=\"e-con-inner\">\n\t\t<div class=\"elementor-element elementor-element-eea4b53 e-con-full e-flex e-con e-child\" data-id=\"eea4b53\" data-element_type=\"container\" data-settings=\"{&quot;background_background&quot;:&quot;classic&quot;}\">\n\t\t\t\t<div class=\"elementor-element elementor-element-d1a6ef9 elementor-widget elementor-widget-image\" data-id=\"d1a6ef9\" data-element_type=\"widget\" data-widget_type=\"image.default\">\n\t\t\t\t<div class=\"elementor-widget-container\">\n\t\t\t\t\t\t\t\t\t\t\t\t\t<img fetchpriority=\"high\" decoding=\"async\" width=\"600\" height=\"315\" src=\"https:\/\/fenixgps.net\/sitio\/wp-content\/uploads\/2024\/09\/FENIX-\u2013-Rastreo-de-Mercaderia-1.png\" class=\"attachment-large size-large wp-image-1517\" alt=\"\" srcset=\"https:\/\/fenixgps.net\/sitio\/wp-content\/uploads\/2024\/09\/FENIX-\u2013-Rastreo-de-Mercaderia-1.png 600w, https:\/\/fenixgps.net\/sitio\/wp-content\/uploads\/2024\/09\/FENIX-\u2013-Rastreo-de-Mercaderia-1-300x158.png 300w\" sizes=\"(max-width: 600px) 100vw, 600px\" \/>\t\t\t\t\t\t\t\t\t\t\t\t\t<\/div>\n\t\t\t\t<\/div>\n\t\t\t\t<div class=\"elementor-element elementor-element-be37569 elementor-view-framed elementor-shape-square elementor-widget-mobile__width-inherit elementor-position-top elementor-mobile-position-top elementor-widget elementor-widget-icon-box\" data-id=\"be37569\" data-element_type=\"widget\" data-widget_type=\"icon-box.default\">\n\t\t\t\t<div class=\"elementor-widget-container\">\n\t\t\t\t\t<div class=\"elementor-icon-box-wrapper\">\n\n\t\t\t\t\t\t<div class=\"elementor-icon-box-icon\">\n\t\t\t\t<span  class=\"elementor-icon elementor-animation-\">\n\t\t\t\t<svg aria-hidden=\"true\" class=\"e-font-icon-svg e-fas-search-location\" viewBox=\"0 0 512 512\" xmlns=\"http:\/\/www.w3.org\/2000\/svg\"><path d=\"M505.04 442.66l-99.71-99.69c-4.5-4.5-10.6-7-17-7h-16.3c27.6-35.3 44-79.69 44-127.99C416.03 93.09 322.92 0 208.02 0S0 93.09 0 207.98s93.11 207.98 208.02 207.98c48.3 0 92.71-16.4 128.01-44v16.3c0 6.4 2.5 12.5 7 17l99.71 99.69c9.4 9.4 24.6 9.4 33.9 0l28.3-28.3c9.4-9.4 9.4-24.59.1-33.99zm-297.02-90.7c-79.54 0-144-64.34-144-143.98 0-79.53 64.35-143.98 144-143.98 79.54 0 144 64.34 144 143.98 0 79.53-64.35 143.98-144 143.98zm.02-239.96c-40.78 0-73.84 33.05-73.84 73.83 0 32.96 48.26 93.05 66.75 114.86a9.24 9.24 0 0 0 14.18 0c18.49-21.81 66.75-81.89 66.75-114.86 0-40.78-33.06-73.83-73.84-73.83zm0 96c-13.26 0-24-10.75-24-24 0-13.26 10.75-24 24-24s24 10.74 24 24c0 13.25-10.75 24-24 24z\"><\/path><\/svg>\t\t\t\t<\/span>\n\t\t\t<\/div>\n\t\t\t\n\t\t\t\t\t\t<div class=\"elementor-icon-box-content\">\n\n\t\t\t\t\t\t\t\t\t<h4 class=\"elementor-icon-box-title\">\n\t\t\t\t\t\t<span  >\n\t\t\t\t\t\t\tFENIX \u2013 Rastreo de mercader\u00eda\t\t\t\t\t\t<\/span>\n\t\t\t\t\t<\/h4>\n\t\t\t\t\n\t\t\t\t\t\t\t\t\t<p class=\"elementor-icon-box-description\">\n\t\t\t\t\t\tContamos con equipos , perfectos para el rastreo de todo tipo de mercader\u00eda.\n\t\t\t\t\t<\/p>\n\t\t\t\t\n\t\t\t<\/div>\n\t\t\t\n\t\t<\/div>\n\t\t\t\t<\/div>\n\t\t\t\t<\/div>\n\t\t\t\t<\/div>\n\t\t<div class=\"elementor-element elementor-element-fa21a6a e-con-full e-flex e-con e-child\" data-id=\"fa21a6a\" data-element_type=\"container\" data-settings=\"{&quot;background_background&quot;:&quot;classic&quot;}\">\n\t\t\t\t<div class=\"elementor-element elementor-element-db19dd5 e-n-tabs-mobile elementor-widget elementor-widget-n-tabs\" data-id=\"db19dd5\" data-element_type=\"widget\" data-settings=\"{&quot;horizontal_scroll&quot;:&quot;disable&quot;}\" data-widget_type=\"nested-tabs.default\">\n\t\t\t\t<div class=\"elementor-widget-container\">\n\t\t\t\t\t<div class=\"e-n-tabs\" data-widget-number=\"229744085\" aria-label=\"Pesta\u00f1as. Abre elementos con Intro o Espacio, ci\u00e9rralos con Escape y navega con las fechas.\">\n\t\t\t<div class=\"e-n-tabs-heading\" role=\"tablist\">\n\t\t\t\t\t<button id=\"e-n-tab-title-2297440851\" class=\"e-n-tab-title\" aria-selected=\"true\" data-tab-index=\"1\" role=\"tab\" tabindex=\"0\" aria-controls=\"e-n-tab-content-2297440851\" style=\"--n-tabs-title-order: 1;\">\n\t\t\t\t\t\t<span class=\"e-n-tab-title-text\">\n\t\t\t\tCarros\t\t\t<\/span>\n\t\t<\/button>\n\t\t\t\t<button id=\"e-n-tab-title-2297440852\" class=\"e-n-tab-title\" aria-selected=\"false\" data-tab-index=\"2\" role=\"tab\" tabindex=\"-1\" aria-controls=\"e-n-tab-content-2297440852\" style=\"--n-tabs-title-order: 2;\">\n\t\t\t\t\t\t<span class=\"e-n-tab-title-text\">\n\t\t\t\tPersonalizable\t\t\t<\/span>\n\t\t<\/button>\n\t\t\t\t<button id=\"e-n-tab-title-2297440853\" class=\"e-n-tab-title\" aria-selected=\"false\" data-tab-index=\"3\" role=\"tab\" tabindex=\"-1\" aria-controls=\"e-n-tab-content-2297440853\" style=\"--n-tabs-title-order: 3;\">\n\t\t\t\t\t\t<span class=\"e-n-tab-title-text\">\n\t\t\t\tPortabilidad\t\t\t<\/span>\n\t\t<\/button>\n\t\t\t\t\t<\/div>\n\t\t\t<div class=\"e-n-tabs-content\">\n\t\t\t\t<div id=\"e-n-tab-content-2297440851\" role=\"tabpanel\" aria-labelledby=\"e-n-tab-title-2297440851\" data-tab-index=\"1\" style=\"--n-tabs-title-order: 1;\" class=\"e-active elementor-element elementor-element-84ca778 e-con-full e-flex e-con e-child\" data-id=\"84ca778\" data-element_type=\"container\">\n\t\t<div class=\"elementor-element elementor-element-b5c6e65 e-flex e-con-boxed e-con e-child\" data-id=\"b5c6e65\" data-element_type=\"container\">\n\t\t\t\t\t<div class=\"e-con-inner\">\n\t\t\t\t<div class=\"elementor-element elementor-element-7bd3484 elementor-widget elementor-widget-text-editor\" data-id=\"7bd3484\" data-element_type=\"widget\" data-widget_type=\"text-editor.default\">\n\t\t\t\t<div class=\"elementor-widget-container\">\n\t\t\t\t\t\t\t<p>La localizaci\u00f3n a\u00fan bajo techo y su bater\u00eda aut\u00f3noma, contribuyen a que el este GPS se convierta en el servicio ideal.<\/p>\t\t\t\t\t\t<\/div>\n\t\t\t\t<\/div>\n\t\t\t\t\t<\/div>\n\t\t\t\t<\/div>\n\t\t\t\t<\/div>\n\t\t<div id=\"e-n-tab-content-2297440852\" role=\"tabpanel\" aria-labelledby=\"e-n-tab-title-2297440852\" data-tab-index=\"2\" style=\"--n-tabs-title-order: 2;\" class=\" elementor-element elementor-element-671c9e7 e-con-full e-flex e-con e-child\" data-id=\"671c9e7\" data-element_type=\"container\">\n\t\t<div class=\"elementor-element elementor-element-08d39d7 e-flex e-con-boxed e-con e-child\" data-id=\"08d39d7\" data-element_type=\"container\">\n\t\t\t\t\t<div class=\"e-con-inner\">\n\t\t\t\t<div class=\"elementor-element elementor-element-c94e7c3 elementor-widget elementor-widget-text-editor\" data-id=\"c94e7c3\" data-element_type=\"widget\" data-widget_type=\"text-editor.default\">\n\t\t\t\t<div class=\"elementor-widget-container\">\n\t\t\t\t\t\t\t<p>Su tama\u00f1o peque\u00f1o permite la adaptaci\u00f3n del dispositivo a la carga, haciendo imperceptible su presencia.<\/p>\t\t\t\t\t\t<\/div>\n\t\t\t\t<\/div>\n\t\t\t\t\t<\/div>\n\t\t\t\t<\/div>\n\t\t\t\t<\/div>\n\t\t<div id=\"e-n-tab-content-2297440853\" role=\"tabpanel\" aria-labelledby=\"e-n-tab-title-2297440853\" data-tab-index=\"3\" style=\"--n-tabs-title-order: 3;\" class=\" elementor-element elementor-element-f47c302 e-con-full e-flex e-con e-child\" data-id=\"f47c302\" data-element_type=\"container\">\n\t\t<div class=\"elementor-element elementor-element-54f4200 e-flex e-con-boxed e-con e-child\" data-id=\"54f4200\" data-element_type=\"container\">\n\t\t\t\t\t<div class=\"e-con-inner\">\n\t\t\t\t<div class=\"elementor-element elementor-element-376649c elementor-widget elementor-widget-text-editor\" data-id=\"376649c\" data-element_type=\"widget\" data-widget_type=\"text-editor.default\">\n\t\t\t\t<div class=\"elementor-widget-container\">\n\t\t\t\t\t\t\t<p>La ausencia de antenas y conexiones, permite ocultar f\u00e1cilmente el equipo en la mercader\u00eda transportada.<\/p>\t\t\t\t\t\t<\/div>\n\t\t\t\t<\/div>\n\t\t\t\t\t<\/div>\n\t\t\t\t<\/div>\n\t\t\t\t<\/div>\n\t\t\t\t\t<\/div>\n\t\t<\/div>\n\t\t\t\t<\/div>\n\t\t\t\t<\/div>\n\t\t\t\t<\/div>\n\t\t\t\t\t<\/div>\n\t\t\t\t<\/div>\n\t\t\t\t<\/div>\n\t\t","protected":false},"excerpt":{"rendered":"<p>FENIX \u2013 Rastreo de mercader\u00eda FENIX \u2013 Rastreo de mercader\u00eda Contamos con equipos , perfectos para el rastreo de todo tipo de mercader\u00eda. Carros Personalizable Portabilidad La localizaci\u00f3n a\u00fan bajo techo y su bater\u00eda aut\u00f3noma, contribuyen a que el este GPS se convierta en el servicio ideal. Su tama\u00f1o peque\u00f1o permite la adaptaci\u00f3n del dispositivo [&hellip;]<\/p>\n","protected":false},"author":2,"featured_media":0,"parent":0,"menu_order":0,"comment_status":"closed","ping_status":"closed","template":"elementor_header_footer","meta":{"content-type":"","_joinchat":[],"footnotes":""},"class_list":["post-1514","page","type-page","status-publish","hentry"],"blocksy_meta":[],"_links":{"self":[{"href":"https:\/\/fenixgps.net\/sitio\/wp-json\/wp\/v2\/pages\/1514"}],"collection":[{"href":"https:\/\/fenixgps.net\/sitio\/wp-json\/wp\/v2\/pages"}],"about":[{"href":"https:\/\/fenixgps.net\/sitio\/wp-json\/wp\/v2\/types\/page"}],"author":[{"embeddable":true,"href":"https:\/\/fenixgps.net\/sitio\/wp-json\/wp\/v2\/users\/2"}],"replies":[{"embeddable":true,"href":"https:\/\/fenixgps.net\/sitio\/wp-json\/wp\/v2\/comments?post=1514"}],"version-history":[{"count":8,"href":"https:\/\/fenixgps.net\/sitio\/wp-json\/wp\/v2\/pages\/1514\/revisions"}],"predecessor-version":[{"id":1523,"href":"https:\/\/fenixgps.net\/sitio\/wp-json\/wp\/v2\/pages\/1514\/revisions\/1523"}],"wp:attachment":[{"href":"https:\/\/fenixgps.net\/sitio\/wp-json\/wp\/v2\/media?parent=1514"}],"curies":[{"name":"wp","href":"https:\/\/api.w.org\/{rel}","templated":true}]}}