{"id":1502,"date":"2024-09-18T21:56:06","date_gmt":"2024-09-19T03:56:06","guid":{"rendered":"https:\/\/fenixgps.net\/sitio\/?page_id=1502"},"modified":"2024-09-18T22:29:24","modified_gmt":"2024-09-19T04:29:24","slug":"fenix-control-de-combustible-y-rpm","status":"publish","type":"page","link":"https:\/\/fenixgps.net\/sitio\/fenix-control-de-combustible-y-rpm\/","title":{"rendered":"FENIX \u2013 Control de combustible y RPM"},"content":{"rendered":"\t\t<div data-elementor-type=\"wp-page\" data-elementor-id=\"1502\" class=\"elementor elementor-1502\">\n\t\t\t\t<div class=\"elementor-element elementor-element-1569f2f e-flex e-con-boxed e-con e-parent\" data-id=\"1569f2f\" data-element_type=\"container\" data-settings=\"{&quot;background_background&quot;:&quot;classic&quot;}\">\n\t\t\t\t\t<div class=\"e-con-inner\">\n\t\t\t\t<div class=\"elementor-element elementor-element-432da50 elementor-widget elementor-widget-heading\" data-id=\"432da50\" data-element_type=\"widget\" data-widget_type=\"heading.default\">\n\t\t\t\t<div class=\"elementor-widget-container\">\n\t\t\t<h2 class=\"elementor-heading-title elementor-size-default\">FENIX \u2013 Control de combustible y RPM<\/h2>\t\t<\/div>\n\t\t\t\t<\/div>\n\t\t\t\t\t<\/div>\n\t\t\t\t<\/div>\n\t\t<div class=\"elementor-element elementor-element-055667a e-flex e-con-boxed e-con e-parent\" data-id=\"055667a\" data-element_type=\"container\">\n\t\t\t\t\t<div class=\"e-con-inner\">\n\t\t<div class=\"elementor-element elementor-element-eea4b53 e-con-full e-flex e-con e-child\" data-id=\"eea4b53\" data-element_type=\"container\" data-settings=\"{&quot;background_background&quot;:&quot;classic&quot;}\">\n\t\t\t\t<div class=\"elementor-element elementor-element-d1a6ef9 elementor-widget elementor-widget-image\" data-id=\"d1a6ef9\" data-element_type=\"widget\" data-widget_type=\"image.default\">\n\t\t\t\t<div class=\"elementor-widget-container\">\n\t\t\t\t\t\t\t\t\t\t\t\t\t<img fetchpriority=\"high\" decoding=\"async\" width=\"600\" height=\"315\" src=\"https:\/\/fenixgps.net\/sitio\/wp-content\/uploads\/2024\/09\/FENIX-\u2013-Control-de-Combustible-y-RPM-1.png\" class=\"attachment-large size-large wp-image-1505\" alt=\"\" srcset=\"https:\/\/fenixgps.net\/sitio\/wp-content\/uploads\/2024\/09\/FENIX-\u2013-Control-de-Combustible-y-RPM-1.png 600w, https:\/\/fenixgps.net\/sitio\/wp-content\/uploads\/2024\/09\/FENIX-\u2013-Control-de-Combustible-y-RPM-1-300x158.png 300w\" sizes=\"(max-width: 600px) 100vw, 600px\" \/>\t\t\t\t\t\t\t\t\t\t\t\t\t<\/div>\n\t\t\t\t<\/div>\n\t\t\t\t<div class=\"elementor-element elementor-element-be37569 elementor-view-framed elementor-shape-square elementor-widget-mobile__width-inherit elementor-position-top elementor-mobile-position-top elementor-widget elementor-widget-icon-box\" data-id=\"be37569\" data-element_type=\"widget\" data-widget_type=\"icon-box.default\">\n\t\t\t\t<div class=\"elementor-widget-container\">\n\t\t\t\t\t<div class=\"elementor-icon-box-wrapper\">\n\n\t\t\t\t\t\t<div class=\"elementor-icon-box-icon\">\n\t\t\t\t<span  class=\"elementor-icon elementor-animation-\">\n\t\t\t\t<svg aria-hidden=\"true\" class=\"e-font-icon-svg e-fas-gas-pump\" viewBox=\"0 0 512 512\" xmlns=\"http:\/\/www.w3.org\/2000\/svg\"><path d=\"M336 448H16c-8.8 0-16 7.2-16 16v32c0 8.8 7.2 16 16 16h320c8.8 0 16-7.2 16-16v-32c0-8.8-7.2-16-16-16zm157.2-340.7l-81-81c-6.2-6.2-16.4-6.2-22.6 0l-11.3 11.3c-6.2 6.2-6.2 16.4 0 22.6L416 97.9V160c0 28.1 20.9 51.3 48 55.2V376c0 13.2-10.8 24-24 24s-24-10.8-24-24v-32c0-48.6-39.4-88-88-88h-8V64c0-35.3-28.7-64-64-64H96C60.7 0 32 28.7 32 64v352h288V304h8c22.1 0 40 17.9 40 40v27.8c0 37.7 27 72 64.5 75.9 43 4.3 79.5-29.5 79.5-71.7V152.6c0-17-6.8-33.3-18.8-45.3zM256 192H96V64h160v128z\"><\/path><\/svg>\t\t\t\t<\/span>\n\t\t\t<\/div>\n\t\t\t\n\t\t\t\t\t\t<div class=\"elementor-icon-box-content\">\n\n\t\t\t\t\t\t\t\t\t<h4 class=\"elementor-icon-box-title\">\n\t\t\t\t\t\t<span  >\n\t\t\t\t\t\t\tFENIX \u2013 Control de combustible y RPM\t\t\t\t\t\t<\/span>\n\t\t\t\t\t<\/h4>\n\t\t\t\t\n\t\t\t\t\t\t\t\t\t<p class=\"elementor-icon-box-description\">\n\t\t\t\t\t\tEl sistema de control de combustible est\u00e1 basado en los datos que se fijan por los sensores de nivel de combustible especiales instalados dentro de tanques de unidades o puede basarse en los datos de ordenadores de a bordo de unidades.\t\t\t\t\t<\/p>\n\t\t\t\t\n\t\t\t<\/div>\n\t\t\t\n\t\t<\/div>\n\t\t\t\t<\/div>\n\t\t\t\t<\/div>\n\t\t\t\t<\/div>\n\t\t<div class=\"elementor-element elementor-element-fa21a6a e-con-full e-flex e-con e-child\" data-id=\"fa21a6a\" data-element_type=\"container\" data-settings=\"{&quot;background_background&quot;:&quot;classic&quot;}\">\n\t\t\t\t<div class=\"elementor-element elementor-element-db19dd5 e-n-tabs-mobile elementor-widget elementor-widget-n-tabs\" data-id=\"db19dd5\" data-element_type=\"widget\" data-settings=\"{&quot;horizontal_scroll&quot;:&quot;disable&quot;}\" data-widget_type=\"nested-tabs.default\">\n\t\t\t\t<div class=\"elementor-widget-container\">\n\t\t\t\t\t<div class=\"e-n-tabs\" data-widget-number=\"229744085\" aria-label=\"Pesta\u00f1as. Abre elementos con Intro o Espacio, ci\u00e9rralos con Escape y navega con las fechas.\">\n\t\t\t<div class=\"e-n-tabs-heading\" role=\"tablist\">\n\t\t\t\t\t<button id=\"e-n-tab-title-2297440851\" class=\"e-n-tab-title\" aria-selected=\"true\" data-tab-index=\"1\" role=\"tab\" tabindex=\"0\" aria-controls=\"e-n-tab-content-2297440851\" style=\"--n-tabs-title-order: 1;\">\n\t\t\t\t\t\t<span class=\"e-n-tab-title-text\">\n\t\t\t\tSensor de combustible\t\t\t<\/span>\n\t\t<\/button>\n\t\t\t\t<button id=\"e-n-tab-title-2297440852\" class=\"e-n-tab-title\" aria-selected=\"false\" data-tab-index=\"2\" role=\"tab\" tabindex=\"-1\" aria-controls=\"e-n-tab-content-2297440852\" style=\"--n-tabs-title-order: 2;\">\n\t\t\t\t\t\t<span class=\"e-n-tab-title-text\">\n\t\t\t\tManejo agresivo\t\t\t<\/span>\n\t\t<\/button>\n\t\t\t\t<button id=\"e-n-tab-title-2297440853\" class=\"e-n-tab-title\" aria-selected=\"false\" data-tab-index=\"3\" role=\"tab\" tabindex=\"-1\" aria-controls=\"e-n-tab-content-2297440853\" style=\"--n-tabs-title-order: 3;\">\n\t\t\t\t\t\t<span class=\"e-n-tab-title-text\">\n\t\t\t\tSensor de carga\t\t\t<\/span>\n\t\t<\/button>\n\t\t\t\t<button id=\"e-n-tab-title-2297440854\" class=\"e-n-tab-title\" aria-selected=\"false\" data-tab-index=\"4\" role=\"tab\" tabindex=\"-1\" aria-controls=\"e-n-tab-content-2297440854\" style=\"--n-tabs-title-order: 4;\">\n\t\t\t\t\t\t<span class=\"e-n-tab-title-text\">\n\t\t\t\tPresi\u00f3n de aceite\t\t\t<\/span>\n\t\t<\/button>\n\t\t\t\t<button id=\"e-n-tab-title-2297440855\" class=\"e-n-tab-title\" aria-selected=\"false\" data-tab-index=\"5\" role=\"tab\" tabindex=\"-1\" aria-controls=\"e-n-tab-content-2297440855\" style=\"--n-tabs-title-order: 5;\">\n\t\t\t\t\t\t<span class=\"e-n-tab-title-text\">\n\t\t\t\tRPM\t\t\t<\/span>\n\t\t<\/button>\n\t\t\t\t<button id=\"e-n-tab-title-2297440856\" class=\"e-n-tab-title\" aria-selected=\"false\" data-tab-index=\"6\" role=\"tab\" tabindex=\"-1\" aria-controls=\"e-n-tab-content-2297440856\" style=\"--n-tabs-title-order: 6;\">\n\t\t\t\t\t\t<span class=\"e-n-tab-title-text\">\n\t\t\t\tSensor de temperatura\t\t\t<\/span>\n\t\t<\/button>\n\t\t\t\t\t<\/div>\n\t\t\t<div class=\"e-n-tabs-content\">\n\t\t\t\t<div id=\"e-n-tab-content-2297440851\" role=\"tabpanel\" aria-labelledby=\"e-n-tab-title-2297440851\" data-tab-index=\"1\" style=\"--n-tabs-title-order: 1;\" class=\"e-active elementor-element elementor-element-84ca778 e-con-full e-flex e-con e-child\" data-id=\"84ca778\" data-element_type=\"container\">\n\t\t<div class=\"elementor-element elementor-element-b5c6e65 e-flex e-con-boxed e-con e-child\" data-id=\"b5c6e65\" data-element_type=\"container\">\n\t\t\t\t\t<div class=\"e-con-inner\">\n\t\t\t\t<div class=\"elementor-element elementor-element-7bd3484 elementor-widget elementor-widget-text-editor\" data-id=\"7bd3484\" data-element_type=\"widget\" data-widget_type=\"text-editor.default\">\n\t\t\t\t<div class=\"elementor-widget-container\">\n\t\t\t\t\t\t\t<p>Evite gastos innecesarios como tambi\u00e9n el robo de combustible de todos sus camiones, carros, transporte de carga, etc\u2026<\/p>\t\t\t\t\t\t<\/div>\n\t\t\t\t<\/div>\n\t\t\t\t\t<\/div>\n\t\t\t\t<\/div>\n\t\t\t\t<\/div>\n\t\t<div id=\"e-n-tab-content-2297440852\" role=\"tabpanel\" aria-labelledby=\"e-n-tab-title-2297440852\" data-tab-index=\"2\" style=\"--n-tabs-title-order: 2;\" class=\" elementor-element elementor-element-671c9e7 e-con-full e-flex e-con e-child\" data-id=\"671c9e7\" data-element_type=\"container\">\n\t\t<div class=\"elementor-element elementor-element-08d39d7 e-flex e-con-boxed e-con e-child\" data-id=\"08d39d7\" data-element_type=\"container\">\n\t\t\t\t\t<div class=\"e-con-inner\">\n\t\t\t\t<div class=\"elementor-element elementor-element-c94e7c3 elementor-widget elementor-widget-text-editor\" data-id=\"c94e7c3\" data-element_type=\"widget\" data-widget_type=\"text-editor.default\">\n\t\t\t\t<div class=\"elementor-widget-container\">\n\t\t\t\t\t\t\t<p>Controle desde nuestro sistema la velocidad m\u00e1xima a la que pueden llegar sus veh\u00edculos y reciba alertas y notificaciones.<\/p>\t\t\t\t\t\t<\/div>\n\t\t\t\t<\/div>\n\t\t\t\t\t<\/div>\n\t\t\t\t<\/div>\n\t\t\t\t<\/div>\n\t\t<div id=\"e-n-tab-content-2297440853\" role=\"tabpanel\" aria-labelledby=\"e-n-tab-title-2297440853\" data-tab-index=\"3\" style=\"--n-tabs-title-order: 3;\" class=\" elementor-element elementor-element-f47c302 e-con-full e-flex e-con e-child\" data-id=\"f47c302\" data-element_type=\"container\">\n\t\t<div class=\"elementor-element elementor-element-54f4200 e-flex e-con-boxed e-con e-child\" data-id=\"54f4200\" data-element_type=\"container\">\n\t\t\t\t\t<div class=\"e-con-inner\">\n\t\t\t\t<div class=\"elementor-element elementor-element-376649c elementor-widget elementor-widget-text-editor\" data-id=\"376649c\" data-element_type=\"widget\" data-widget_type=\"text-editor.default\">\n\t\t\t\t<div class=\"elementor-widget-container\">\n\t\t\t\t\t\t\t<p>Tenemos un sensor para la carga(peso), pero cabe mencionar de que solo es compatible con algunos tipos de veh\u00edculo.<\/p>\t\t\t\t\t\t<\/div>\n\t\t\t\t<\/div>\n\t\t\t\t\t<\/div>\n\t\t\t\t<\/div>\n\t\t\t\t<\/div>\n\t\t<div id=\"e-n-tab-content-2297440854\" role=\"tabpanel\" aria-labelledby=\"e-n-tab-title-2297440854\" data-tab-index=\"4\" style=\"--n-tabs-title-order: 4;\" class=\" elementor-element elementor-element-1601ed9 e-con-full e-flex e-con e-child\" data-id=\"1601ed9\" data-element_type=\"container\">\n\t\t<div class=\"elementor-element elementor-element-ae6b2cf e-flex e-con-boxed e-con e-child\" data-id=\"ae6b2cf\" data-element_type=\"container\">\n\t\t\t\t\t<div class=\"e-con-inner\">\n\t\t\t\t<div class=\"elementor-element elementor-element-0247c57 elementor-widget elementor-widget-text-editor\" data-id=\"0247c57\" data-element_type=\"widget\" data-widget_type=\"text-editor.default\">\n\t\t\t\t<div class=\"elementor-widget-container\">\n\t\t\t\t\t\t\t<p>Controle los mantenimientos de sus veh\u00edculos, contamos con un sensor especial para la presi\u00f3n de aceite y m\u00eddalo todo.<\/p>\t\t\t\t\t\t<\/div>\n\t\t\t\t<\/div>\n\t\t\t\t\t<\/div>\n\t\t\t\t<\/div>\n\t\t\t\t<\/div>\n\t\t<div id=\"e-n-tab-content-2297440855\" role=\"tabpanel\" aria-labelledby=\"e-n-tab-title-2297440855\" data-tab-index=\"5\" style=\"--n-tabs-title-order: 5;\" class=\" elementor-element elementor-element-1343255 e-con-full e-flex e-con e-child\" data-id=\"1343255\" data-element_type=\"container\">\n\t\t<div class=\"elementor-element elementor-element-e35e181 e-flex e-con-boxed e-con e-child\" data-id=\"e35e181\" data-element_type=\"container\">\n\t\t\t\t\t<div class=\"e-con-inner\">\n\t\t\t\t<div class=\"elementor-element elementor-element-ff354c1 elementor-widget elementor-widget-text-editor\" data-id=\"ff354c1\" data-element_type=\"widget\" data-widget_type=\"text-editor.default\">\n\t\t\t\t<div class=\"elementor-widget-container\">\n\t\t\t\t\t\t\t<p>Controle el rendimiento de todos sus veh\u00edculos\u00a0con nuestro sensor de revoluciones por minuto y mant\u00e9ngase asegurado.<\/p>\t\t\t\t\t\t<\/div>\n\t\t\t\t<\/div>\n\t\t\t\t\t<\/div>\n\t\t\t\t<\/div>\n\t\t\t\t<\/div>\n\t\t<div id=\"e-n-tab-content-2297440856\" role=\"tabpanel\" aria-labelledby=\"e-n-tab-title-2297440856\" data-tab-index=\"6\" style=\"--n-tabs-title-order: 6;\" class=\" elementor-element elementor-element-64e23c8 e-con-full e-flex e-con e-child\" data-id=\"64e23c8\" data-element_type=\"container\">\n\t\t<div class=\"elementor-element elementor-element-2a64666 e-flex e-con-boxed e-con e-child\" data-id=\"2a64666\" data-element_type=\"container\">\n\t\t\t\t\t<div class=\"e-con-inner\">\n\t\t\t\t<div class=\"elementor-element elementor-element-9ad813a elementor-widget elementor-widget-text-editor\" data-id=\"9ad813a\" data-element_type=\"widget\" data-widget_type=\"text-editor.default\">\n\t\t\t\t<div class=\"elementor-widget-container\">\n\t\t\t\t\t\t\t<p>Mantenga controlada y monitorizada la temperatura de motor de todos sus veh\u00edculos. de esa forma podr\u00e1 estar tranquilo.<\/p>\t\t\t\t\t\t<\/div>\n\t\t\t\t<\/div>\n\t\t\t\t\t<\/div>\n\t\t\t\t<\/div>\n\t\t\t\t<\/div>\n\t\t\t\t\t<\/div>\n\t\t<\/div>\n\t\t\t\t<\/div>\n\t\t\t\t<\/div>\n\t\t\t\t<\/div>\n\t\t\t\t\t<\/div>\n\t\t\t\t<\/div>\n\t\t\t\t<\/div>\n\t\t","protected":false},"excerpt":{"rendered":"<p>FENIX \u2013 Control de combustible y RPM FENIX \u2013 Control de combustible y RPM El sistema de control de combustible est\u00e1 basado en los datos que se fijan por los sensores de nivel de combustible especiales instalados dentro de tanques de unidades o puede basarse en los datos de ordenadores de a bordo de unidades. [&hellip;]<\/p>\n","protected":false},"author":2,"featured_media":0,"parent":0,"menu_order":0,"comment_status":"closed","ping_status":"closed","template":"elementor_header_footer","meta":{"content-type":"","_joinchat":[],"footnotes":""},"class_list":["post-1502","page","type-page","status-publish","hentry"],"blocksy_meta":[],"_links":{"self":[{"href":"https:\/\/fenixgps.net\/sitio\/wp-json\/wp\/v2\/pages\/1502"}],"collection":[{"href":"https:\/\/fenixgps.net\/sitio\/wp-json\/wp\/v2\/pages"}],"about":[{"href":"https:\/\/fenixgps.net\/sitio\/wp-json\/wp\/v2\/types\/page"}],"author":[{"embeddable":true,"href":"https:\/\/fenixgps.net\/sitio\/wp-json\/wp\/v2\/users\/2"}],"replies":[{"embeddable":true,"href":"https:\/\/fenixgps.net\/sitio\/wp-json\/wp\/v2\/comments?post=1502"}],"version-history":[{"count":8,"href":"https:\/\/fenixgps.net\/sitio\/wp-json\/wp\/v2\/pages\/1502\/revisions"}],"predecessor-version":[{"id":1513,"href":"https:\/\/fenixgps.net\/sitio\/wp-json\/wp\/v2\/pages\/1502\/revisions\/1513"}],"wp:attachment":[{"href":"https:\/\/fenixgps.net\/sitio\/wp-json\/wp\/v2\/media?parent=1502"}],"curies":[{"name":"wp","href":"https:\/\/api.w.org\/{rel}","templated":true}]}}